{"id":10,"date":"2024-04-02T16:34:17","date_gmt":"2024-04-02T08:34:17","guid":{"rendered":"https:\/\/tzfoodmachine.com\/?page_id=10"},"modified":"2024-05-30T18:09:07","modified_gmt":"2024-05-30T10:09:07","slug":"about-us","status":"publish","type":"page","link":"https:\/\/tzfoodmachine.com\/pt\/about-us\/","title":{"rendered":"Sobre n\u00f3s"},"content":{"rendered":"<style>.kb-row-layout-id10_7601aa-0a > .kt-row-column-wrap{align-content:start;}:where(.kb-row-layout-id10_7601aa-0a > .kt-row-column-wrap) > .wp-block-kadence-column{justify-content:start;}.kb-row-layout-id10_7601aa-0a > .kt-row-column-wrap{column-gap:var(--global-kb-gap-md, 2rem);row-gap:var(--global-kb-gap-md, 2rem);max-width:var( --global-content-width, 1400px );padding-left:var(--global-content-edge-padding);padding-right:var(--global-content-edge-padding);grid-template-columns:minmax(0, 1fr);}.kb-row-layout-id10_7601aa-0a > .kt-row-layout-overlay{opacity:0.30;}@media all and (max-width: 1024px){.kb-row-layout-id10_7601aa-0a > .kt-row-column-wrap{grid-template-columns:minmax(0, 1fr);}}@media all and (max-width: 767px){.kb-row-layout-id10_7601aa-0a > .kt-row-column-wrap{grid-template-columns:minmax(0, 1fr);}}<\/style><div class=\"kb-row-layout-wrap kb-row-layout-id10_7601aa-0a alignnone wp-block-kadence-rowlayout\"><div class=\"kt-row-column-wrap kt-has-1-columns kt-row-layout-equal kt-tab-layout-inherit kt-mobile-layout-row kt-row-valign-top kb-theme-content-width\"> <style>.kadence-column10_3c5bdf-dc > .kt-inside-inner-col,.kadence-column10_3c5bdf-dc > .kt-inside-inner-col:before{border-top-left-radius:0px;border-top-right-radius:0px;border-bottom-right-radius:0px;border-bottom-left-radius:0px;}.kadence-column10_3c5bdf-dc > .kt-inside-inner-col{column-gap:var(--global-kb-gap-sm, 1rem);}.kadence-column10_3c5bdf-dc > .kt-inside-inner-col{flex-direction:column;}.kadence-column10_3c5bdf-dc > .kt-inside-inner-col > .aligncenter{width:100%;}.kadence-column10_3c5bdf-dc > .kt-inside-inner-col:before{opacity:0.3;}.kadence-column10_3c5bdf-dc{position:relative;}@media all and (max-width: 1024px){.kadence-column10_3c5bdf-dc > .kt-inside-inner-col{flex-direction:column;justify-content:center;}}@media all and (max-width: 767px){.kadence-column10_3c5bdf-dc > .kt-inside-inner-col{flex-direction:column;justify-content:center;}}<\/style> <div class=\"wp-block-kadence-column kadence-column10_3c5bdf-dc\"><div class=\"kt-inside-inner-col\"> <figure class=\"wp-block-image size-large\"><img loading=\"lazy\" decoding=\"async\" width=\"1024\" height=\"445\" src=\"https:\/\/tzfoodmachine.com\/wp-content\/uploads\/2024\/04\/Taizy-Machinery-1024x445.webp\" alt=\"M\u00e1quinas Taizy\" class=\"wp-image-260\" srcset=\"https:\/\/tzfoodmachine.com\/wp-content\/uploads\/2024\/04\/Taizy-Machinery-1024x445.webp 1024w, https:\/\/tzfoodmachine.com\/wp-content\/uploads\/2024\/04\/Taizy-Machinery-480x208.webp 480w, https:\/\/tzfoodmachine.com\/wp-content\/uploads\/2024\/04\/Taizy-Machinery-768x333.webp 768w, https:\/\/tzfoodmachine.com\/wp-content\/uploads\/2024\/04\/Taizy-Machinery-18x8.webp 18w, https:\/\/tzfoodmachine.com\/wp-content\/uploads\/2024\/04\/Taizy-Machinery.webp 1200w\" sizes=\"auto, (max-width: 1024px) 100vw, 1024px\" \/><figcaption class=\"wp-element-caption\">M\u00e1quinas Taizy<\/figcaption><\/figure>    <p>Bem-vindo \u00e0 Taizy Food Machinery, fabricante l\u00edder de m\u00e1quinas de processamento de alimentos com sede em Zhengzhou, China. Com um rico legado de experi\u00eancia e inova\u00e7\u00e3o, nos especializamos em projetar e produzir m\u00e1quinas de alta qualidade para diversas necessidades de processamento de alimentos.<\/p>    <h2 class=\"wp-block-heading\">Porque escolher-nos?<\/h2>    <p>A Taizy Food Machinery est\u00e1 envolvida na produ\u00e7\u00e3o de m\u00e1quinas para alimentos h\u00e1 mais de 20 anos. At\u00e9 agora, as nossas m\u00e1quinas foram exportadas para mais de 40 pa\u00edses e regi\u00f5es em todo o mundo. Nossas m\u00e1quinas de alimentos de alta qualidade e servi\u00e7os profissionais conquistaram o reconhecimento de clientes de cada vez mais pa\u00edses.<\/p>   <style>.kb-row-layout-id10_48174e-ea > .kt-row-column-wrap{align-content:start;}:where(.kb-row-layout-id10_48174e-ea > .kt-row-column-wrap) > .wp-block-kadence-column{justify-content:start;}.kb-row-layout-id10_48174e-ea > .kt-row-column-wrap{column-gap:var(--global-kb-gap-md, 2rem);row-gap:var(--global-kb-gap-md, 2rem);max-width:var( --global-content-width, 1400px );padding-left:var(--global-content-edge-padding);padding-right:var(--global-content-edge-padding);}.kb-row-layout-id10_48174e-ea > .kt-row-column-wrap > div:not(.added-for-specificity){grid-column:initial;}.kb-row-layout-id10_48174e-ea > .kt-row-column-wrap{grid-template-columns:repeat(3, minmax(0, 1fr));}.kb-row-layout-id10_48174e-ea > .kt-row-layout-overlay{opacity:0.30;}@media all and (max-width: 1024px){.kb-row-layout-id10_48174e-ea > .kt-row-column-wrap > div:not(.added-for-specificity){grid-column:initial;}}@media all and (max-width: 1024px){.kb-row-layout-id10_48174e-ea > .kt-row-column-wrap{grid-template-columns:repeat(3, minmax(0, 1fr));}}@media all and (max-width: 767px){.kb-row-layout-id10_48174e-ea > .kt-row-column-wrap > div:not(.added-for-specificity){grid-column:initial;}.kb-row-layout-id10_48174e-ea > .kt-row-column-wrap{grid-template-columns:minmax(0, 1fr);}}<\/style><div class=\"kb-row-layout-wrap kb-row-layout-id10_48174e-ea alignnone wp-block-kadence-rowlayout\"><div class=\"kt-row-column-wrap kt-has-3-columns kt-row-layout-equal kt-tab-layout-inherit kt-mobile-layout-row kt-row-valign-top kb-theme-content-width\"> <style>.kadence-column10_56f7d1-4e > .kt-inside-inner-col,.kadence-column10_56f7d1-4e > .kt-inside-inner-col:before{border-top-left-radius:0px;border-top-right-radius:0px;border-bottom-right-radius:0px;border-bottom-left-radius:0px;}.kadence-column10_56f7d1-4e > .kt-inside-inner-col{column-gap:var(--global-kb-gap-sm, 1rem);}.kadence-column10_56f7d1-4e > .kt-inside-inner-col{flex-direction:column;}.kadence-column10_56f7d1-4e > .kt-inside-inner-col > .aligncenter{width:100%;}.kadence-column10_56f7d1-4e > .kt-inside-inner-col:before{opacity:0.3;}.kadence-column10_56f7d1-4e{position:relative;}@media all and (max-width: 1024px){.kadence-column10_56f7d1-4e > .kt-inside-inner-col{flex-direction:column;justify-content:center;}}@media all and (max-width: 767px){.kadence-column10_56f7d1-4e > .kt-inside-inner-col{flex-direction:column;justify-content:center;}}<\/style> <div class=\"wp-block-kadence-column kadence-column10_56f7d1-4e\"><div class=\"kt-inside-inner-col\"> <figure class=\"wp-block-image size-full\"><img loading=\"lazy\" decoding=\"async\" width=\"720\" height=\"540\" src=\"https:\/\/tzfoodmachine.com\/wp-content\/uploads\/2024\/04\/our-customer.jpg\" alt=\"nosso cliente\" class=\"wp-image-635\" srcset=\"https:\/\/tzfoodmachine.com\/wp-content\/uploads\/2024\/04\/our-customer.jpg 720w, https:\/\/tzfoodmachine.com\/wp-content\/uploads\/2024\/04\/our-customer-480x360.jpg 480w, https:\/\/tzfoodmachine.com\/wp-content\/uploads\/2024\/04\/our-customer-150x113.jpg 150w, https:\/\/tzfoodmachine.com\/wp-content\/uploads\/2024\/04\/our-customer-16x12.jpg 16w\" sizes=\"auto, (max-width: 720px) 100vw, 720px\" \/><figcaption class=\"wp-element-caption\">nosso cliente<\/figcaption><\/figure> <\/div><\/div>   <style>.kadence-column10_371b5c-9d > .kt-inside-inner-col,.kadence-column10_371b5c-9d > .kt-inside-inner-col:before{border-top-left-radius:0px;border-top-right-radius:0px;border-bottom-right-radius:0px;border-bottom-left-radius:0px;}.kadence-column10_371b5c-9d > .kt-inside-inner-col{column-gap:var(--global-kb-gap-sm, 1rem);}.kadence-column10_371b5c-9d > .kt-inside-inner-col{flex-direction:column;}.kadence-column10_371b5c-9d > .kt-inside-inner-col > .aligncenter{width:100%;}.kadence-column10_371b5c-9d > .kt-inside-inner-col:before{opacity:0.3;}.kadence-column10_371b5c-9d{position:relative;}@media all and (max-width: 1024px){.kadence-column10_371b5c-9d > .kt-inside-inner-col{flex-direction:column;justify-content:center;}}@media all and (max-width: 767px){.kadence-column10_371b5c-9d > .kt-inside-inner-col{flex-direction:column;justify-content:center;}}<\/style> <div class=\"wp-block-kadence-column kadence-column10_371b5c-9d\"><div class=\"kt-inside-inner-col\"> <figure class=\"wp-block-image size-full\"><img loading=\"lazy\" decoding=\"async\" width=\"720\" height=\"540\" src=\"https:\/\/tzfoodmachine.com\/wp-content\/uploads\/2024\/05\/customers-from-India.webp\" alt=\"clientes da \u00cdndia\" class=\"wp-image-1298\" srcset=\"https:\/\/tzfoodmachine.com\/wp-content\/uploads\/2024\/05\/customers-from-India.webp 720w, https:\/\/tzfoodmachine.com\/wp-content\/uploads\/2024\/05\/customers-from-India-480x360.webp 480w, https:\/\/tzfoodmachine.com\/wp-content\/uploads\/2024\/05\/customers-from-India-150x113.webp 150w, https:\/\/tzfoodmachine.com\/wp-content\/uploads\/2024\/05\/customers-from-India-16x12.webp 16w\" sizes=\"auto, (max-width: 720px) 100vw, 720px\" \/><figcaption class=\"wp-element-caption\">clientes da \u00cdndia<\/figcaption><\/figure> <\/div><\/div>   <style>.kadence-column10_41b768-23 > .kt-inside-inner-col,.kadence-column10_41b768-23 > .kt-inside-inner-col:before{border-top-left-radius:0px;border-top-right-radius:0px;border-bottom-right-radius:0px;border-bottom-left-radius:0px;}.kadence-column10_41b768-23 > .kt-inside-inner-col{column-gap:var(--global-kb-gap-sm, 1rem);}.kadence-column10_41b768-23 > .kt-inside-inner-col{flex-direction:column;}.kadence-column10_41b768-23 > .kt-inside-inner-col > .aligncenter{width:100%;}.kadence-column10_41b768-23 > .kt-inside-inner-col:before{opacity:0.3;}.kadence-column10_41b768-23{position:relative;}@media all and (max-width: 1024px){.kadence-column10_41b768-23 > .kt-inside-inner-col{flex-direction:column;justify-content:center;}}@media all and (max-width: 767px){.kadence-column10_41b768-23 > .kt-inside-inner-col{flex-direction:column;justify-content:center;}}<\/style> <div class=\"wp-block-kadence-column kadence-column10_41b768-23\"><div class=\"kt-inside-inner-col\"> <figure class=\"wp-block-image size-full\"><img loading=\"lazy\" decoding=\"async\" width=\"720\" height=\"540\" src=\"https:\/\/tzfoodmachine.com\/wp-content\/uploads\/2024\/04\/customer-from-Togo.jpg\" alt=\"cliente do Togo\" class=\"wp-image-633\" srcset=\"https:\/\/tzfoodmachine.com\/wp-content\/uploads\/2024\/04\/customer-from-Togo.jpg 720w, https:\/\/tzfoodmachine.com\/wp-content\/uploads\/2024\/04\/customer-from-Togo-480x360.jpg 480w, https:\/\/tzfoodmachine.com\/wp-content\/uploads\/2024\/04\/customer-from-Togo-150x113.jpg 150w, https:\/\/tzfoodmachine.com\/wp-content\/uploads\/2024\/04\/customer-from-Togo-16x12.jpg 16w\" sizes=\"auto, (max-width: 720px) 100vw, 720px\" \/><figcaption class=\"wp-element-caption\">cliente do Togo<\/figcaption><\/figure> <\/div><\/div>  <\/div><\/div>  <style>.kb-row-layout-id10_c7827e-45 > .kt-row-column-wrap{align-content:start;}:where(.kb-row-layout-id10_c7827e-45 > .kt-row-column-wrap) > .wp-block-kadence-column{justify-content:start;}.kb-row-layout-id10_c7827e-45 > .kt-row-column-wrap{column-gap:var(--global-kb-gap-md, 2rem);row-gap:var(--global-kb-gap-md, 2rem);max-width:var( --global-content-width, 1400px );padding-left:var(--global-content-edge-padding);padding-right:var(--global-content-edge-padding);}.kb-row-layout-id10_c7827e-45 > .kt-row-column-wrap > div:not(.added-for-specificity){grid-column:initial;}.kb-row-layout-id10_c7827e-45 > .kt-row-column-wrap{grid-template-columns:repeat(3, minmax(0, 1fr));}.kb-row-layout-id10_c7827e-45 > .kt-row-layout-overlay{opacity:0.30;}@media all and (max-width: 1024px){.kb-row-layout-id10_c7827e-45 > .kt-row-column-wrap > div:not(.added-for-specificity){grid-column:initial;}}@media all and (max-width: 1024px){.kb-row-layout-id10_c7827e-45 > .kt-row-column-wrap{grid-template-columns:repeat(3, minmax(0, 1fr));}}@media all and (max-width: 767px){.kb-row-layout-id10_c7827e-45 > .kt-row-column-wrap > div:not(.added-for-specificity){grid-column:initial;}.kb-row-layout-id10_c7827e-45 > .kt-row-column-wrap{grid-template-columns:minmax(0, 1fr);}}<\/style><div class=\"kb-row-layout-wrap kb-row-layout-id10_c7827e-45 alignnone wp-block-kadence-rowlayout\"><div class=\"kt-row-column-wrap kt-has-3-columns kt-row-layout-equal kt-tab-layout-inherit kt-mobile-layout-row kt-row-valign-top kb-theme-content-width\"> <style>.kadence-column10_7468ba-a2 > .kt-inside-inner-col,.kadence-column10_7468ba-a2 > .kt-inside-inner-col:before{border-top-left-radius:0px;border-top-right-radius:0px;border-bottom-right-radius:0px;border-bottom-left-radius:0px;}.kadence-column10_7468ba-a2 > .kt-inside-inner-col{column-gap:var(--global-kb-gap-sm, 1rem);}.kadence-column10_7468ba-a2 > .kt-inside-inner-col{flex-direction:column;}.kadence-column10_7468ba-a2 > .kt-inside-inner-col > .aligncenter{width:100%;}.kadence-column10_7468ba-a2 > .kt-inside-inner-col:before{opacity:0.3;}.kadence-column10_7468ba-a2{position:relative;}@media all and (max-width: 1024px){.kadence-column10_7468ba-a2 > .kt-inside-inner-col{flex-direction:column;justify-content:center;}}@media all and (max-width: 767px){.kadence-column10_7468ba-a2 > .kt-inside-inner-col{flex-direction:column;justify-content:center;}}<\/style> <div class=\"wp-block-kadence-column kadence-column10_7468ba-a2\"><div class=\"kt-inside-inner-col\"> <figure class=\"wp-block-image size-full\"><img loading=\"lazy\" decoding=\"async\" width=\"720\" height=\"540\" src=\"https:\/\/tzfoodmachine.com\/wp-content\/uploads\/2024\/04\/customer-from-canada.jpg\" alt=\"cliente do Canad\u00e1\" class=\"wp-image-632\" srcset=\"https:\/\/tzfoodmachine.com\/wp-content\/uploads\/2024\/04\/customer-from-canada.jpg 720w, https:\/\/tzfoodmachine.com\/wp-content\/uploads\/2024\/04\/customer-from-canada-480x360.jpg 480w, https:\/\/tzfoodmachine.com\/wp-content\/uploads\/2024\/04\/customer-from-canada-150x113.jpg 150w, https:\/\/tzfoodmachine.com\/wp-content\/uploads\/2024\/04\/customer-from-canada-16x12.jpg 16w\" sizes=\"auto, (max-width: 720px) 100vw, 720px\" \/><figcaption class=\"wp-element-caption\">cliente do Canad\u00e1<\/figcaption><\/figure> <\/div><\/div>   <style>.kadence-column10_9abde2-dd > .kt-inside-inner-col,.kadence-column10_9abde2-dd > .kt-inside-inner-col:before{border-top-left-radius:0px;border-top-right-radius:0px;border-bottom-right-radius:0px;border-bottom-left-radius:0px;}.kadence-column10_9abde2-dd > .kt-inside-inner-col{column-gap:var(--global-kb-gap-sm, 1rem);}.kadence-column10_9abde2-dd > .kt-inside-inner-col{flex-direction:column;}.kadence-column10_9abde2-dd > .kt-inside-inner-col > .aligncenter{width:100%;}.kadence-column10_9abde2-dd > .kt-inside-inner-col:before{opacity:0.3;}.kadence-column10_9abde2-dd{position:relative;}@media all and (max-width: 1024px){.kadence-column10_9abde2-dd > .kt-inside-inner-col{flex-direction:column;justify-content:center;}}@media all and (max-width: 767px){.kadence-column10_9abde2-dd > .kt-inside-inner-col{flex-direction:column;justify-content:center;}}<\/style> <div class=\"wp-block-kadence-column kadence-column10_9abde2-dd\"><div class=\"kt-inside-inner-col\"> <figure class=\"wp-block-image size-full\"><img loading=\"lazy\" decoding=\"async\" width=\"720\" height=\"540\" src=\"https:\/\/tzfoodmachine.com\/wp-content\/uploads\/2024\/05\/client-factory-tour.webp\" alt=\"visita \u00e0 f\u00e1brica do cliente\" class=\"wp-image-1297\" srcset=\"https:\/\/tzfoodmachine.com\/wp-content\/uploads\/2024\/05\/client-factory-tour.webp 720w, https:\/\/tzfoodmachine.com\/wp-content\/uploads\/2024\/05\/client-factory-tour-480x360.webp 480w, https:\/\/tzfoodmachine.com\/wp-content\/uploads\/2024\/05\/client-factory-tour-150x113.webp 150w, https:\/\/tzfoodmachine.com\/wp-content\/uploads\/2024\/05\/client-factory-tour-16x12.webp 16w\" sizes=\"auto, (max-width: 720px) 100vw, 720px\" \/><figcaption class=\"wp-element-caption\">visita \u00e0 f\u00e1brica do cliente<\/figcaption><\/figure> <\/div><\/div>   <style>.kadence-column10_f53f5e-6b > .kt-inside-inner-col,.kadence-column10_f53f5e-6b > .kt-inside-inner-col:before{border-top-left-radius:0px;border-top-right-radius:0px;border-bottom-right-radius:0px;border-bottom-left-radius:0px;}.kadence-column10_f53f5e-6b > .kt-inside-inner-col{column-gap:var(--global-kb-gap-sm, 1rem);}.kadence-column10_f53f5e-6b > .kt-inside-inner-col{flex-direction:column;}.kadence-column10_f53f5e-6b > .kt-inside-inner-col > .aligncenter{width:100%;}.kadence-column10_f53f5e-6b > .kt-inside-inner-col:before{opacity:0.3;}.kadence-column10_f53f5e-6b{position:relative;}@media all and (max-width: 1024px){.kadence-column10_f53f5e-6b > .kt-inside-inner-col{flex-direction:column;justify-content:center;}}@media all and (max-width: 767px){.kadence-column10_f53f5e-6b > .kt-inside-inner-col{flex-direction:column;justify-content:center;}}<\/style> <div class=\"wp-block-kadence-column kadence-column10_f53f5e-6b\"><div class=\"kt-inside-inner-col\"> <figure class=\"wp-block-image size-full\"><img loading=\"lazy\" decoding=\"async\" width=\"720\" height=\"540\" src=\"https:\/\/tzfoodmachine.com\/wp-content\/uploads\/2024\/04\/client-from-Israel.jpg\" alt=\"cliente de Israel\" class=\"wp-image-630\" srcset=\"https:\/\/tzfoodmachine.com\/wp-content\/uploads\/2024\/04\/client-from-Israel.jpg 720w, https:\/\/tzfoodmachine.com\/wp-content\/uploads\/2024\/04\/client-from-Israel-480x360.jpg 480w, https:\/\/tzfoodmachine.com\/wp-content\/uploads\/2024\/04\/client-from-Israel-150x113.jpg 150w, https:\/\/tzfoodmachine.com\/wp-content\/uploads\/2024\/04\/client-from-Israel-16x12.jpg 16w\" sizes=\"auto, (max-width: 720px) 100vw, 720px\" \/><figcaption class=\"wp-element-caption\">cliente de Israel<\/figcaption><\/figure> <\/div><\/div>  <\/div><\/div>   <h2 class=\"wp-block-heading\">Nossa linha de produtos<\/h2>    <p class=\"translation-block\"><strong><a href=\"https:\/\/tzfoodmachine.com\/pt\/category\/product\/onion-machines\/\">Maquinaria de Processamento de Cebola<\/a><\/strong>: Da descama\u00e7\u00e3o ao corte em rodelas, as nossas m\u00e1quinas de processamento de cebola s\u00e3o concebidas para otimizar o seu processo de produ\u00e7\u00e3o e aumentar a efici\u00eancia.<\/p>    <p class=\"translation-block\"><strong><a href=\"https:\/\/tzfoodmachine.com\/pt\/category\/product\/potato-machines\/\">Maquinaria de Processamento de Batata<\/a><\/strong>: Quer precise de descascar, cortar ou fritar batatas, a nossa maquinaria avan\u00e7ada garante qualidade consistente e alto rendimento.<\/p>    <p class=\"translation-block\"><strong><a href=\"https:\/\/tzfoodmachine.com\/pt\/category\/product\/ginger-machines\/\">Maquinaria de Processamento de Gengibre<\/a><\/strong>: O nosso equipamento de processamento de gengibre \u00e9 adaptado para manusear gengibre em v\u00e1rias formas, garantindo precis\u00e3o e fiabilidade.<\/p>    <p class=\"translation-block\"><strong><a href=\"https:\/\/tzfoodmachine.com\/pt\/category\/product\/garlic-machines\/\">Maquinaria de Processamento de Alho<\/a><\/strong>: De dentes a bulbos, as nossas m\u00e1quinas de processamento de alho oferecem solu\u00e7\u00f5es vers\u00e1teis para um processamento eficiente.<\/p>    <p class=\"translation-block\"><strong><a href=\"https:\/\/tzfoodmachine.com\/pt\/category\/product\/egg-machines\/\">Maquinaria de Processamento de Ovos<\/a><\/strong>: Da triagem \u00e0 embalagem, a nossa maquinaria de processamento de ovos \u00e9 concebida para um desempenho e higiene \u00f3timos.<\/p>    <p>Localizada em Zhengzhou, China, nossas instala\u00e7\u00f5es de fabrica\u00e7\u00e3o de \u00faltima gera\u00e7\u00e3o est\u00e3o equipadas para atender diversas demandas de produ\u00e7\u00e3o, aderindo aos padr\u00f5es internacionais de qualidade.<\/p>    <p>Explore nossa linha de m\u00e1quinas de processamento de alimentos e experimente a diferen\u00e7a com a Taizy Food Machinery.<\/p>    <p>Para d\u00favidas e colabora\u00e7\u00f5es, n\u00e3o hesite em contactar-nos. Estamos ansiosos para servi-lo!<\/p> <\/div><\/div>  <\/div><\/div>","protected":false},"excerpt":{"rendered":"<p>Bem-vindo \u00e0 Taizy Food Machinery, um fabricante l\u00edder de m\u00e1quinas de processamento de alimentos com sede em Zhengzhou, China. Com um rico legado de experi\u00eancia e inova\u00e7\u00e3o, especializamo-nos em projetar e produzir m\u00e1quinas de alta qualidade para diversas necessidades de processamento de alimentos. Por que escolher-nos? A Taizy Food Machinery est\u00e1 envolvida na produ\u00e7\u00e3o de m\u00e1quinas alimentares h\u00e1 mais de...<\/p>","protected":false},"author":1,"featured_media":0,"parent":0,"menu_order":0,"comment_status":"closed","ping_status":"closed","template":"","meta":{"_kad_blocks_custom_css":"","_kad_blocks_head_custom_js":"","_kad_blocks_body_custom_js":"","_kad_blocks_footer_custom_js":"","_kad_post_transparent":"","_kad_post_title":"default","_kad_post_layout":"","_kad_post_sidebar_id":"","_kad_post_content_style":"","_kad_post_vertical_padding":"","_kad_post_feature":"","_kad_post_feature_position":"","_kad_post_header":false,"_kad_post_footer":false,"_kad_post_classname":"","footnotes":""},"class_list":["post-10","page","type-page","status-publish","hentry"],"taxonomy_info":[],"featured_image_src_large":false,"author_info":{"display_name":"Judy Wang","author_link":"https:\/\/tzfoodmachine.com\/pt\/author\/adminjudy\/"},"comment_info":0,"_links":{"self":[{"href":"https:\/\/tzfoodmachine.com\/pt\/wp-json\/wp\/v2\/pages\/10","targetHints":{"allow":["GET"]}}],"collection":[{"href":"https:\/\/tzfoodmachine.com\/pt\/wp-json\/wp\/v2\/pages"}],"about":[{"href":"https:\/\/tzfoodmachine.com\/pt\/wp-json\/wp\/v2\/types\/page"}],"author":[{"embeddable":true,"href":"https:\/\/tzfoodmachine.com\/pt\/wp-json\/wp\/v2\/users\/1"}],"replies":[{"embeddable":true,"href":"https:\/\/tzfoodmachine.com\/pt\/wp-json\/wp\/v2\/comments?post=10"}],"version-history":[{"count":0,"href":"https:\/\/tzfoodmachine.com\/pt\/wp-json\/wp\/v2\/pages\/10\/revisions"}],"wp:attachment":[{"href":"https:\/\/tzfoodmachine.com\/pt\/wp-json\/wp\/v2\/media?parent=10"}],"curies":[{"name":"wp","href":"https:\/\/api.w.org\/{rel}","templated":true}]}}