{"id":10,"date":"2024-04-02T16:34:17","date_gmt":"2024-04-02T08:34:17","guid":{"rendered":"https:\/\/tzfoodmachine.com\/?page_id=10"},"modified":"2024-05-30T18:09:07","modified_gmt":"2024-05-30T10:09:07","slug":"about-us","status":"publish","type":"page","link":"https:\/\/tzfoodmachine.com\/fr\/about-us\/","title":{"rendered":"\u00c0 propos de nous"},"content":{"rendered":"<style>.kb-row-layout-id10_7601aa-0a > .kt-row-column-wrap{align-content:start;}:where(.kb-row-layout-id10_7601aa-0a > .kt-row-column-wrap) > .wp-block-kadence-column{justify-content:start;}.kb-row-layout-id10_7601aa-0a > .kt-row-column-wrap{column-gap:var(--global-kb-gap-md, 2rem);row-gap:var(--global-kb-gap-md, 2rem);max-width:var( --global-content-width, 1400px );padding-left:var(--global-content-edge-padding);padding-right:var(--global-content-edge-padding);grid-template-columns:minmax(0, 1fr);}.kb-row-layout-id10_7601aa-0a > .kt-row-layout-overlay{opacity:0.30;}@media all and (max-width: 1024px){.kb-row-layout-id10_7601aa-0a > .kt-row-column-wrap{grid-template-columns:minmax(0, 1fr);}}@media all and (max-width: 767px){.kb-row-layout-id10_7601aa-0a > .kt-row-column-wrap{grid-template-columns:minmax(0, 1fr);}}<\/style><div class=\"kb-row-layout-wrap kb-row-layout-id10_7601aa-0a alignnone wp-block-kadence-rowlayout\"><div class=\"kt-row-column-wrap kt-has-1-columns kt-row-layout-equal kt-tab-layout-inherit kt-mobile-layout-row kt-row-valign-top kb-theme-content-width\"> <style>.kadence-column10_3c5bdf-dc > .kt-inside-inner-col,.kadence-column10_3c5bdf-dc > .kt-inside-inner-col:before{border-top-left-radius:0px;border-top-right-radius:0px;border-bottom-right-radius:0px;border-bottom-left-radius:0px;}.kadence-column10_3c5bdf-dc > .kt-inside-inner-col{column-gap:var(--global-kb-gap-sm, 1rem);}.kadence-column10_3c5bdf-dc > .kt-inside-inner-col{flex-direction:column;}.kadence-column10_3c5bdf-dc > .kt-inside-inner-col > .aligncenter{width:100%;}.kadence-column10_3c5bdf-dc > .kt-inside-inner-col:before{opacity:0.3;}.kadence-column10_3c5bdf-dc{position:relative;}@media all and (max-width: 1024px){.kadence-column10_3c5bdf-dc > .kt-inside-inner-col{flex-direction:column;justify-content:center;}}@media all and (max-width: 767px){.kadence-column10_3c5bdf-dc > .kt-inside-inner-col{flex-direction:column;justify-content:center;}}<\/style> <div class=\"wp-block-kadence-column kadence-column10_3c5bdf-dc\"><div class=\"kt-inside-inner-col\"> <figure class=\"wp-block-image size-large\"><img loading=\"lazy\" decoding=\"async\" width=\"1024\" height=\"445\" src=\"https:\/\/tzfoodmachine.com\/wp-content\/uploads\/2024\/04\/Taizy-Machinery-1024x445.webp\" alt=\"Machines Taizy\" class=\"wp-image-260\" srcset=\"https:\/\/tzfoodmachine.com\/wp-content\/uploads\/2024\/04\/Taizy-Machinery-1024x445.webp 1024w, https:\/\/tzfoodmachine.com\/wp-content\/uploads\/2024\/04\/Taizy-Machinery-480x208.webp 480w, https:\/\/tzfoodmachine.com\/wp-content\/uploads\/2024\/04\/Taizy-Machinery-768x333.webp 768w, https:\/\/tzfoodmachine.com\/wp-content\/uploads\/2024\/04\/Taizy-Machinery-18x8.webp 18w, https:\/\/tzfoodmachine.com\/wp-content\/uploads\/2024\/04\/Taizy-Machinery.webp 1200w\" sizes=\"auto, (max-width: 1024px) 100vw, 1024px\" \/><figcaption class=\"wp-element-caption\">Machines Taizy<\/figcaption><\/figure>    <p>Bienvenue chez Taizy Food Machinery, l'un des principaux fabricants de machines de transformation des aliments bas\u00e9 \u00e0 Zhengzhou, en Chine. Forts d\u2019un riche h\u00e9ritage d\u2019expertise et d\u2019innovation, nous nous sp\u00e9cialisons dans la conception et la production de machines de qualit\u00e9 sup\u00e9rieure pour divers besoins de transformation alimentaire.<\/p>    <h2 class=\"wp-block-heading\">Pourquoi nous choisir?<\/h2>    <p>Taizy Food Machinery est engag\u00e9 dans la production de machines alimentaires depuis plus de 20 ans. Jusqu'\u00e0 pr\u00e9sent, nos machines ont \u00e9t\u00e9 export\u00e9es dans plus de 40 pays et r\u00e9gions du monde entier. Nos machines alimentaires de haute qualit\u00e9 et nos services professionnels ont gagn\u00e9 la reconnaissance de clients de plus en plus de pays.<\/p>   <style>.kb-row-layout-id10_48174e-ea > .kt-row-column-wrap{align-content:start;}:where(.kb-row-layout-id10_48174e-ea > .kt-row-column-wrap) > .wp-block-kadence-column{justify-content:start;}.kb-row-layout-id10_48174e-ea > .kt-row-column-wrap{column-gap:var(--global-kb-gap-md, 2rem);row-gap:var(--global-kb-gap-md, 2rem);max-width:var( --global-content-width, 1400px );padding-left:var(--global-content-edge-padding);padding-right:var(--global-content-edge-padding);}.kb-row-layout-id10_48174e-ea > .kt-row-column-wrap > div:not(.added-for-specificity){grid-column:initial;}.kb-row-layout-id10_48174e-ea > .kt-row-column-wrap{grid-template-columns:repeat(3, minmax(0, 1fr));}.kb-row-layout-id10_48174e-ea > .kt-row-layout-overlay{opacity:0.30;}@media all and (max-width: 1024px){.kb-row-layout-id10_48174e-ea > .kt-row-column-wrap > div:not(.added-for-specificity){grid-column:initial;}}@media all and (max-width: 1024px){.kb-row-layout-id10_48174e-ea > .kt-row-column-wrap{grid-template-columns:repeat(3, minmax(0, 1fr));}}@media all and (max-width: 767px){.kb-row-layout-id10_48174e-ea > .kt-row-column-wrap > div:not(.added-for-specificity){grid-column:initial;}.kb-row-layout-id10_48174e-ea > .kt-row-column-wrap{grid-template-columns:minmax(0, 1fr);}}<\/style><div class=\"kb-row-layout-wrap kb-row-layout-id10_48174e-ea alignnone wp-block-kadence-rowlayout\"><div class=\"kt-row-column-wrap kt-has-3-columns kt-row-layout-equal kt-tab-layout-inherit kt-mobile-layout-row kt-row-valign-top kb-theme-content-width\"> <style>.kadence-column10_56f7d1-4e > .kt-inside-inner-col,.kadence-column10_56f7d1-4e > .kt-inside-inner-col:before{border-top-left-radius:0px;border-top-right-radius:0px;border-bottom-right-radius:0px;border-bottom-left-radius:0px;}.kadence-column10_56f7d1-4e > .kt-inside-inner-col{column-gap:var(--global-kb-gap-sm, 1rem);}.kadence-column10_56f7d1-4e > .kt-inside-inner-col{flex-direction:column;}.kadence-column10_56f7d1-4e > .kt-inside-inner-col > .aligncenter{width:100%;}.kadence-column10_56f7d1-4e > .kt-inside-inner-col:before{opacity:0.3;}.kadence-column10_56f7d1-4e{position:relative;}@media all and (max-width: 1024px){.kadence-column10_56f7d1-4e > .kt-inside-inner-col{flex-direction:column;justify-content:center;}}@media all and (max-width: 767px){.kadence-column10_56f7d1-4e > .kt-inside-inner-col{flex-direction:column;justify-content:center;}}<\/style> <div class=\"wp-block-kadence-column kadence-column10_56f7d1-4e\"><div class=\"kt-inside-inner-col\"> <figure class=\"wp-block-image size-full\"><img loading=\"lazy\" decoding=\"async\" width=\"720\" height=\"540\" src=\"https:\/\/tzfoodmachine.com\/wp-content\/uploads\/2024\/04\/our-customer.jpg\" alt=\"notre client\" class=\"wp-image-635\" srcset=\"https:\/\/tzfoodmachine.com\/wp-content\/uploads\/2024\/04\/our-customer.jpg 720w, https:\/\/tzfoodmachine.com\/wp-content\/uploads\/2024\/04\/our-customer-480x360.jpg 480w, https:\/\/tzfoodmachine.com\/wp-content\/uploads\/2024\/04\/our-customer-150x113.jpg 150w, https:\/\/tzfoodmachine.com\/wp-content\/uploads\/2024\/04\/our-customer-16x12.jpg 16w\" sizes=\"auto, (max-width: 720px) 100vw, 720px\" \/><figcaption class=\"wp-element-caption\">notre client<\/figcaption><\/figure> <\/div><\/div>   <style>.kadence-column10_371b5c-9d > .kt-inside-inner-col,.kadence-column10_371b5c-9d > .kt-inside-inner-col:before{border-top-left-radius:0px;border-top-right-radius:0px;border-bottom-right-radius:0px;border-bottom-left-radius:0px;}.kadence-column10_371b5c-9d > .kt-inside-inner-col{column-gap:var(--global-kb-gap-sm, 1rem);}.kadence-column10_371b5c-9d > .kt-inside-inner-col{flex-direction:column;}.kadence-column10_371b5c-9d > .kt-inside-inner-col > .aligncenter{width:100%;}.kadence-column10_371b5c-9d > .kt-inside-inner-col:before{opacity:0.3;}.kadence-column10_371b5c-9d{position:relative;}@media all and (max-width: 1024px){.kadence-column10_371b5c-9d > .kt-inside-inner-col{flex-direction:column;justify-content:center;}}@media all and (max-width: 767px){.kadence-column10_371b5c-9d > .kt-inside-inner-col{flex-direction:column;justify-content:center;}}<\/style> <div class=\"wp-block-kadence-column kadence-column10_371b5c-9d\"><div class=\"kt-inside-inner-col\"> <figure class=\"wp-block-image size-full\"><img loading=\"lazy\" decoding=\"async\" width=\"720\" height=\"540\" src=\"https:\/\/tzfoodmachine.com\/wp-content\/uploads\/2024\/05\/customers-from-India.webp\" alt=\"clients de l&#039;Inde\" class=\"wp-image-1298\" srcset=\"https:\/\/tzfoodmachine.com\/wp-content\/uploads\/2024\/05\/customers-from-India.webp 720w, https:\/\/tzfoodmachine.com\/wp-content\/uploads\/2024\/05\/customers-from-India-480x360.webp 480w, https:\/\/tzfoodmachine.com\/wp-content\/uploads\/2024\/05\/customers-from-India-150x113.webp 150w, https:\/\/tzfoodmachine.com\/wp-content\/uploads\/2024\/05\/customers-from-India-16x12.webp 16w\" sizes=\"auto, (max-width: 720px) 100vw, 720px\" \/><figcaption class=\"wp-element-caption\">clients de l'Inde<\/figcaption><\/figure> <\/div><\/div>   <style>.kadence-column10_41b768-23 > .kt-inside-inner-col,.kadence-column10_41b768-23 > .kt-inside-inner-col:before{border-top-left-radius:0px;border-top-right-radius:0px;border-bottom-right-radius:0px;border-bottom-left-radius:0px;}.kadence-column10_41b768-23 > .kt-inside-inner-col{column-gap:var(--global-kb-gap-sm, 1rem);}.kadence-column10_41b768-23 > .kt-inside-inner-col{flex-direction:column;}.kadence-column10_41b768-23 > .kt-inside-inner-col > .aligncenter{width:100%;}.kadence-column10_41b768-23 > .kt-inside-inner-col:before{opacity:0.3;}.kadence-column10_41b768-23{position:relative;}@media all and (max-width: 1024px){.kadence-column10_41b768-23 > .kt-inside-inner-col{flex-direction:column;justify-content:center;}}@media all and (max-width: 767px){.kadence-column10_41b768-23 > .kt-inside-inner-col{flex-direction:column;justify-content:center;}}<\/style> <div class=\"wp-block-kadence-column kadence-column10_41b768-23\"><div class=\"kt-inside-inner-col\"> <figure class=\"wp-block-image size-full\"><img loading=\"lazy\" decoding=\"async\" width=\"720\" height=\"540\" src=\"https:\/\/tzfoodmachine.com\/wp-content\/uploads\/2024\/04\/customer-from-Togo.jpg\" alt=\"client du Togo\" class=\"wp-image-633\" srcset=\"https:\/\/tzfoodmachine.com\/wp-content\/uploads\/2024\/04\/customer-from-Togo.jpg 720w, https:\/\/tzfoodmachine.com\/wp-content\/uploads\/2024\/04\/customer-from-Togo-480x360.jpg 480w, https:\/\/tzfoodmachine.com\/wp-content\/uploads\/2024\/04\/customer-from-Togo-150x113.jpg 150w, https:\/\/tzfoodmachine.com\/wp-content\/uploads\/2024\/04\/customer-from-Togo-16x12.jpg 16w\" sizes=\"auto, (max-width: 720px) 100vw, 720px\" \/><figcaption class=\"wp-element-caption\">client du Togo<\/figcaption><\/figure> <\/div><\/div>  <\/div><\/div>  <style>.kb-row-layout-id10_c7827e-45 > .kt-row-column-wrap{align-content:start;}:where(.kb-row-layout-id10_c7827e-45 > .kt-row-column-wrap) > .wp-block-kadence-column{justify-content:start;}.kb-row-layout-id10_c7827e-45 > .kt-row-column-wrap{column-gap:var(--global-kb-gap-md, 2rem);row-gap:var(--global-kb-gap-md, 2rem);max-width:var( --global-content-width, 1400px );padding-left:var(--global-content-edge-padding);padding-right:var(--global-content-edge-padding);}.kb-row-layout-id10_c7827e-45 > .kt-row-column-wrap > div:not(.added-for-specificity){grid-column:initial;}.kb-row-layout-id10_c7827e-45 > .kt-row-column-wrap{grid-template-columns:repeat(3, minmax(0, 1fr));}.kb-row-layout-id10_c7827e-45 > .kt-row-layout-overlay{opacity:0.30;}@media all and (max-width: 1024px){.kb-row-layout-id10_c7827e-45 > .kt-row-column-wrap > div:not(.added-for-specificity){grid-column:initial;}}@media all and (max-width: 1024px){.kb-row-layout-id10_c7827e-45 > .kt-row-column-wrap{grid-template-columns:repeat(3, minmax(0, 1fr));}}@media all and (max-width: 767px){.kb-row-layout-id10_c7827e-45 > .kt-row-column-wrap > div:not(.added-for-specificity){grid-column:initial;}.kb-row-layout-id10_c7827e-45 > .kt-row-column-wrap{grid-template-columns:minmax(0, 1fr);}}<\/style><div class=\"kb-row-layout-wrap kb-row-layout-id10_c7827e-45 alignnone wp-block-kadence-rowlayout\"><div class=\"kt-row-column-wrap kt-has-3-columns kt-row-layout-equal kt-tab-layout-inherit kt-mobile-layout-row kt-row-valign-top kb-theme-content-width\"> <style>.kadence-column10_7468ba-a2 > .kt-inside-inner-col,.kadence-column10_7468ba-a2 > .kt-inside-inner-col:before{border-top-left-radius:0px;border-top-right-radius:0px;border-bottom-right-radius:0px;border-bottom-left-radius:0px;}.kadence-column10_7468ba-a2 > .kt-inside-inner-col{column-gap:var(--global-kb-gap-sm, 1rem);}.kadence-column10_7468ba-a2 > .kt-inside-inner-col{flex-direction:column;}.kadence-column10_7468ba-a2 > .kt-inside-inner-col > .aligncenter{width:100%;}.kadence-column10_7468ba-a2 > .kt-inside-inner-col:before{opacity:0.3;}.kadence-column10_7468ba-a2{position:relative;}@media all and (max-width: 1024px){.kadence-column10_7468ba-a2 > .kt-inside-inner-col{flex-direction:column;justify-content:center;}}@media all and (max-width: 767px){.kadence-column10_7468ba-a2 > .kt-inside-inner-col{flex-direction:column;justify-content:center;}}<\/style> <div class=\"wp-block-kadence-column kadence-column10_7468ba-a2\"><div class=\"kt-inside-inner-col\"> <figure class=\"wp-block-image size-full\"><img loading=\"lazy\" decoding=\"async\" width=\"720\" height=\"540\" src=\"https:\/\/tzfoodmachine.com\/wp-content\/uploads\/2024\/04\/customer-from-canada.jpg\" alt=\"client du Canada\" class=\"wp-image-632\" srcset=\"https:\/\/tzfoodmachine.com\/wp-content\/uploads\/2024\/04\/customer-from-canada.jpg 720w, https:\/\/tzfoodmachine.com\/wp-content\/uploads\/2024\/04\/customer-from-canada-480x360.jpg 480w, https:\/\/tzfoodmachine.com\/wp-content\/uploads\/2024\/04\/customer-from-canada-150x113.jpg 150w, https:\/\/tzfoodmachine.com\/wp-content\/uploads\/2024\/04\/customer-from-canada-16x12.jpg 16w\" sizes=\"auto, (max-width: 720px) 100vw, 720px\" \/><figcaption class=\"wp-element-caption\">client du Canada<\/figcaption><\/figure> <\/div><\/div>   <style>.kadence-column10_9abde2-dd > .kt-inside-inner-col,.kadence-column10_9abde2-dd > .kt-inside-inner-col:before{border-top-left-radius:0px;border-top-right-radius:0px;border-bottom-right-radius:0px;border-bottom-left-radius:0px;}.kadence-column10_9abde2-dd > .kt-inside-inner-col{column-gap:var(--global-kb-gap-sm, 1rem);}.kadence-column10_9abde2-dd > .kt-inside-inner-col{flex-direction:column;}.kadence-column10_9abde2-dd > .kt-inside-inner-col > .aligncenter{width:100%;}.kadence-column10_9abde2-dd > .kt-inside-inner-col:before{opacity:0.3;}.kadence-column10_9abde2-dd{position:relative;}@media all and (max-width: 1024px){.kadence-column10_9abde2-dd > .kt-inside-inner-col{flex-direction:column;justify-content:center;}}@media all and (max-width: 767px){.kadence-column10_9abde2-dd > .kt-inside-inner-col{flex-direction:column;justify-content:center;}}<\/style> <div class=\"wp-block-kadence-column kadence-column10_9abde2-dd\"><div class=\"kt-inside-inner-col\"> <figure class=\"wp-block-image size-full\"><img loading=\"lazy\" decoding=\"async\" width=\"720\" height=\"540\" src=\"https:\/\/tzfoodmachine.com\/wp-content\/uploads\/2024\/05\/client-factory-tour.webp\" alt=\"visite d&#039;usine client\" class=\"wp-image-1297\" srcset=\"https:\/\/tzfoodmachine.com\/wp-content\/uploads\/2024\/05\/client-factory-tour.webp 720w, https:\/\/tzfoodmachine.com\/wp-content\/uploads\/2024\/05\/client-factory-tour-480x360.webp 480w, https:\/\/tzfoodmachine.com\/wp-content\/uploads\/2024\/05\/client-factory-tour-150x113.webp 150w, https:\/\/tzfoodmachine.com\/wp-content\/uploads\/2024\/05\/client-factory-tour-16x12.webp 16w\" sizes=\"auto, (max-width: 720px) 100vw, 720px\" \/><figcaption class=\"wp-element-caption\">visite d'usine client<\/figcaption><\/figure> <\/div><\/div>   <style>.kadence-column10_f53f5e-6b > .kt-inside-inner-col,.kadence-column10_f53f5e-6b > .kt-inside-inner-col:before{border-top-left-radius:0px;border-top-right-radius:0px;border-bottom-right-radius:0px;border-bottom-left-radius:0px;}.kadence-column10_f53f5e-6b > .kt-inside-inner-col{column-gap:var(--global-kb-gap-sm, 1rem);}.kadence-column10_f53f5e-6b > .kt-inside-inner-col{flex-direction:column;}.kadence-column10_f53f5e-6b > .kt-inside-inner-col > .aligncenter{width:100%;}.kadence-column10_f53f5e-6b > .kt-inside-inner-col:before{opacity:0.3;}.kadence-column10_f53f5e-6b{position:relative;}@media all and (max-width: 1024px){.kadence-column10_f53f5e-6b > .kt-inside-inner-col{flex-direction:column;justify-content:center;}}@media all and (max-width: 767px){.kadence-column10_f53f5e-6b > .kt-inside-inner-col{flex-direction:column;justify-content:center;}}<\/style> <div class=\"wp-block-kadence-column kadence-column10_f53f5e-6b\"><div class=\"kt-inside-inner-col\"> <figure class=\"wp-block-image size-full\"><img loading=\"lazy\" decoding=\"async\" width=\"720\" height=\"540\" src=\"https:\/\/tzfoodmachine.com\/wp-content\/uploads\/2024\/04\/client-from-Israel.jpg\" alt=\"client d&#039;Isra\u00ebl\" class=\"wp-image-630\" srcset=\"https:\/\/tzfoodmachine.com\/wp-content\/uploads\/2024\/04\/client-from-Israel.jpg 720w, https:\/\/tzfoodmachine.com\/wp-content\/uploads\/2024\/04\/client-from-Israel-480x360.jpg 480w, https:\/\/tzfoodmachine.com\/wp-content\/uploads\/2024\/04\/client-from-Israel-150x113.jpg 150w, https:\/\/tzfoodmachine.com\/wp-content\/uploads\/2024\/04\/client-from-Israel-16x12.jpg 16w\" sizes=\"auto, (max-width: 720px) 100vw, 720px\" \/><figcaption class=\"wp-element-caption\">client d'Isra\u00ebl<\/figcaption><\/figure> <\/div><\/div>  <\/div><\/div>   <h2 class=\"wp-block-heading\">Notre gamme de produits<\/h2>    <p class=\"translation-block\"><strong><a href=\"https:\/\/tzfoodmachine.com\/fr\/category\/product\/onion-machines\/\">Machines de traitement des oignons<\/a><\/strong> : De l'\u00e9pluchage \u00e0 la d\u00e9coupe, nos machines de traitement des oignons sont con\u00e7ues pour rationaliser votre processus de production et am\u00e9liorer l'efficacit\u00e9.<\/p>    <p class=\"translation-block\"><strong><a href=\"https:\/\/tzfoodmachine.com\/fr\/category\/product\/potato-machines\/\">Machines de traitement des pommes de terre<\/a><\/strong> : Que vous ayez besoin d'\u00e9plucher, de couper ou de frire des pommes de terre, nos machines avanc\u00e9es garantissent une qualit\u00e9 constante et un rendement \u00e9lev\u00e9.<\/p>    <p class=\"translation-block\"><strong><a href=\"https:\/\/tzfoodmachine.com\/fr\/category\/product\/ginger-machines\/\">Machines de traitement du gingembre<\/a><\/strong> : Notre \u00e9quipement de traitement du gingembre est con\u00e7u pour manipuler le gingembre sous diverses formes, garantissant pr\u00e9cision et fiabilit\u00e9.<\/p>    <p class=\"translation-block\"><strong><a href=\"https:\/\/tzfoodmachine.com\/fr\/category\/product\/garlic-machines\/\">Machines de traitement de l'ail<\/a><\/strong> : Des gousses aux bulbes, nos machines de traitement de l'ail offrent des solutions polyvalentes pour un traitement efficace.<\/p>    <p class=\"translation-block\"><strong><a href=\"https:\/\/tzfoodmachine.com\/fr\/category\/product\/egg-machines\/\">Machines de traitement des \u0153ufs<\/a><\/strong> : Du tri \u00e0 l'emballage, nos machines de traitement des \u0153ufs sont con\u00e7ues pour des performances et une hygi\u00e8ne optimales.<\/p>    <p>Situ\u00e9e \u00e0 Zhengzhou, en Chine, notre usine de fabrication de pointe est \u00e9quip\u00e9e pour r\u00e9pondre \u00e0 diverses demandes de production tout en adh\u00e9rant aux normes de qualit\u00e9 internationales.<\/p>    <p>Explorez notre gamme de machines de transformation des aliments et d\u00e9couvrez la diff\u00e9rence avec Taizy Food Machinery.<\/p>    <p>Pour toute demande de renseignements et collaborations, n\u2019h\u00e9sitez pas \u00e0 nous contacter. Dans l'impatience de vous servir!<\/p> <\/div><\/div>  <\/div><\/div>","protected":false},"excerpt":{"rendered":"<p>Bienvenue chez Taizy Food Machinery, un fabricant de premier plan de machines de transformation alimentaire bas\u00e9 \u00e0 Zhengzhou, en Chine. Avec un riche h\u00e9ritage d'expertise et d'innovation, nous nous sp\u00e9cialisons dans la conception et la production de machines de haute qualit\u00e9 pour divers besoins de transformation alimentaire. Pourquoi nous choisir ? Taizy Food Machinery est engag\u00e9e dans la production de machines alimentaires depuis plus de...<\/p>","protected":false},"author":1,"featured_media":0,"parent":0,"menu_order":0,"comment_status":"closed","ping_status":"closed","template":"","meta":{"_kad_blocks_custom_css":"","_kad_blocks_head_custom_js":"","_kad_blocks_body_custom_js":"","_kad_blocks_footer_custom_js":"","_kad_post_transparent":"","_kad_post_title":"default","_kad_post_layout":"","_kad_post_sidebar_id":"","_kad_post_content_style":"","_kad_post_vertical_padding":"","_kad_post_feature":"","_kad_post_feature_position":"","_kad_post_header":false,"_kad_post_footer":false,"_kad_post_classname":"","footnotes":""},"class_list":["post-10","page","type-page","status-publish","hentry"],"taxonomy_info":[],"featured_image_src_large":false,"author_info":{"display_name":"Judy Wang","author_link":"https:\/\/tzfoodmachine.com\/fr\/author\/adminjudy\/"},"comment_info":0,"_links":{"self":[{"href":"https:\/\/tzfoodmachine.com\/fr\/wp-json\/wp\/v2\/pages\/10","targetHints":{"allow":["GET"]}}],"collection":[{"href":"https:\/\/tzfoodmachine.com\/fr\/wp-json\/wp\/v2\/pages"}],"about":[{"href":"https:\/\/tzfoodmachine.com\/fr\/wp-json\/wp\/v2\/types\/page"}],"author":[{"embeddable":true,"href":"https:\/\/tzfoodmachine.com\/fr\/wp-json\/wp\/v2\/users\/1"}],"replies":[{"embeddable":true,"href":"https:\/\/tzfoodmachine.com\/fr\/wp-json\/wp\/v2\/comments?post=10"}],"version-history":[{"count":0,"href":"https:\/\/tzfoodmachine.com\/fr\/wp-json\/wp\/v2\/pages\/10\/revisions"}],"wp:attachment":[{"href":"https:\/\/tzfoodmachine.com\/fr\/wp-json\/wp\/v2\/media?parent=10"}],"curies":[{"name":"wp","href":"https:\/\/api.w.org\/{rel}","templated":true}]}}