{"id":10,"date":"2024-04-02T16:34:17","date_gmt":"2024-04-02T08:34:17","guid":{"rendered":"https:\/\/tzfoodmachine.com\/?page_id=10"},"modified":"2024-05-30T18:09:07","modified_gmt":"2024-05-30T10:09:07","slug":"about-us","status":"publish","type":"page","link":"https:\/\/tzfoodmachine.com\/es\/about-us\/","title":{"rendered":"Sobre nosotros"},"content":{"rendered":"<style>.kb-row-layout-id10_7601aa-0a > .kt-row-column-wrap{align-content:start;}:where(.kb-row-layout-id10_7601aa-0a > .kt-row-column-wrap) > .wp-block-kadence-column{justify-content:start;}.kb-row-layout-id10_7601aa-0a > .kt-row-column-wrap{column-gap:var(--global-kb-gap-md, 2rem);row-gap:var(--global-kb-gap-md, 2rem);max-width:var( --global-content-width, 1400px );padding-left:var(--global-content-edge-padding);padding-right:var(--global-content-edge-padding);grid-template-columns:minmax(0, 1fr);}.kb-row-layout-id10_7601aa-0a > .kt-row-layout-overlay{opacity:0.30;}@media all and (max-width: 1024px){.kb-row-layout-id10_7601aa-0a > .kt-row-column-wrap{grid-template-columns:minmax(0, 1fr);}}@media all and (max-width: 767px){.kb-row-layout-id10_7601aa-0a > .kt-row-column-wrap{grid-template-columns:minmax(0, 1fr);}}<\/style><div class=\"kb-row-layout-wrap kb-row-layout-id10_7601aa-0a alignnone wp-block-kadence-rowlayout\"><div class=\"kt-row-column-wrap kt-has-1-columns kt-row-layout-equal kt-tab-layout-inherit kt-mobile-layout-row kt-row-valign-top kb-theme-content-width\"> <style>.kadence-column10_3c5bdf-dc > .kt-inside-inner-col,.kadence-column10_3c5bdf-dc > .kt-inside-inner-col:before{border-top-left-radius:0px;border-top-right-radius:0px;border-bottom-right-radius:0px;border-bottom-left-radius:0px;}.kadence-column10_3c5bdf-dc > .kt-inside-inner-col{column-gap:var(--global-kb-gap-sm, 1rem);}.kadence-column10_3c5bdf-dc > .kt-inside-inner-col{flex-direction:column;}.kadence-column10_3c5bdf-dc > .kt-inside-inner-col > .aligncenter{width:100%;}.kadence-column10_3c5bdf-dc > .kt-inside-inner-col:before{opacity:0.3;}.kadence-column10_3c5bdf-dc{position:relative;}@media all and (max-width: 1024px){.kadence-column10_3c5bdf-dc > .kt-inside-inner-col{flex-direction:column;justify-content:center;}}@media all and (max-width: 767px){.kadence-column10_3c5bdf-dc > .kt-inside-inner-col{flex-direction:column;justify-content:center;}}<\/style> <div class=\"wp-block-kadence-column kadence-column10_3c5bdf-dc\"><div class=\"kt-inside-inner-col\"> <figure class=\"wp-block-image size-large\"><img loading=\"lazy\" decoding=\"async\" width=\"1024\" height=\"445\" src=\"https:\/\/tzfoodmachine.com\/wp-content\/uploads\/2024\/04\/Taizy-Machinery-1024x445.webp\" alt=\"Maquinaria Taizy\" class=\"wp-image-260\" srcset=\"https:\/\/tzfoodmachine.com\/wp-content\/uploads\/2024\/04\/Taizy-Machinery-1024x445.webp 1024w, https:\/\/tzfoodmachine.com\/wp-content\/uploads\/2024\/04\/Taizy-Machinery-480x208.webp 480w, https:\/\/tzfoodmachine.com\/wp-content\/uploads\/2024\/04\/Taizy-Machinery-768x333.webp 768w, https:\/\/tzfoodmachine.com\/wp-content\/uploads\/2024\/04\/Taizy-Machinery-18x8.webp 18w, https:\/\/tzfoodmachine.com\/wp-content\/uploads\/2024\/04\/Taizy-Machinery.webp 1200w\" sizes=\"auto, (max-width: 1024px) 100vw, 1024px\" \/><figcaption class=\"wp-element-caption\">Maquinaria Taizy<\/figcaption><\/figure>    <p>Bienvenido a Taizy Food Machinery, un fabricante l\u00edder de maquinaria de procesamiento de alimentos con sede en Zhengzhou, China. Con un rico legado de experiencia e innovaci\u00f3n, nos especializamos en el dise\u00f1o y producci\u00f3n de maquinaria de alta calidad para diversas necesidades de procesamiento de alimentos.<\/p>    <h2 class=\"wp-block-heading\">\u00bfPor qu\u00e9 elegirnos?<\/h2>    <p>Taizy Food Machinery se dedica a la producci\u00f3n de maquinaria alimentaria desde hace m\u00e1s de 20 a\u00f1os. Hasta ahora, nuestras m\u00e1quinas se han exportado a m\u00e1s de 40 pa\u00edses y regiones de todo el mundo. Nuestras m\u00e1quinas para alimentos de alta calidad y nuestros servicios profesionales se han ganado el reconocimiento de clientes de cada vez m\u00e1s pa\u00edses.<\/p>   <style>.kb-row-layout-id10_48174e-ea > .kt-row-column-wrap{align-content:start;}:where(.kb-row-layout-id10_48174e-ea > .kt-row-column-wrap) > .wp-block-kadence-column{justify-content:start;}.kb-row-layout-id10_48174e-ea > .kt-row-column-wrap{column-gap:var(--global-kb-gap-md, 2rem);row-gap:var(--global-kb-gap-md, 2rem);max-width:var( --global-content-width, 1400px );padding-left:var(--global-content-edge-padding);padding-right:var(--global-content-edge-padding);}.kb-row-layout-id10_48174e-ea > .kt-row-column-wrap > div:not(.added-for-specificity){grid-column:initial;}.kb-row-layout-id10_48174e-ea > .kt-row-column-wrap{grid-template-columns:repeat(3, minmax(0, 1fr));}.kb-row-layout-id10_48174e-ea > .kt-row-layout-overlay{opacity:0.30;}@media all and (max-width: 1024px){.kb-row-layout-id10_48174e-ea > .kt-row-column-wrap > div:not(.added-for-specificity){grid-column:initial;}}@media all and (max-width: 1024px){.kb-row-layout-id10_48174e-ea > .kt-row-column-wrap{grid-template-columns:repeat(3, minmax(0, 1fr));}}@media all and (max-width: 767px){.kb-row-layout-id10_48174e-ea > .kt-row-column-wrap > div:not(.added-for-specificity){grid-column:initial;}.kb-row-layout-id10_48174e-ea > .kt-row-column-wrap{grid-template-columns:minmax(0, 1fr);}}<\/style><div class=\"kb-row-layout-wrap kb-row-layout-id10_48174e-ea alignnone wp-block-kadence-rowlayout\"><div class=\"kt-row-column-wrap kt-has-3-columns kt-row-layout-equal kt-tab-layout-inherit kt-mobile-layout-row kt-row-valign-top kb-theme-content-width\"> <style>.kadence-column10_56f7d1-4e > .kt-inside-inner-col,.kadence-column10_56f7d1-4e > .kt-inside-inner-col:before{border-top-left-radius:0px;border-top-right-radius:0px;border-bottom-right-radius:0px;border-bottom-left-radius:0px;}.kadence-column10_56f7d1-4e > .kt-inside-inner-col{column-gap:var(--global-kb-gap-sm, 1rem);}.kadence-column10_56f7d1-4e > .kt-inside-inner-col{flex-direction:column;}.kadence-column10_56f7d1-4e > .kt-inside-inner-col > .aligncenter{width:100%;}.kadence-column10_56f7d1-4e > .kt-inside-inner-col:before{opacity:0.3;}.kadence-column10_56f7d1-4e{position:relative;}@media all and (max-width: 1024px){.kadence-column10_56f7d1-4e > .kt-inside-inner-col{flex-direction:column;justify-content:center;}}@media all and (max-width: 767px){.kadence-column10_56f7d1-4e > .kt-inside-inner-col{flex-direction:column;justify-content:center;}}<\/style> <div class=\"wp-block-kadence-column kadence-column10_56f7d1-4e\"><div class=\"kt-inside-inner-col\"> <figure class=\"wp-block-image size-full\"><img loading=\"lazy\" decoding=\"async\" width=\"720\" height=\"540\" src=\"https:\/\/tzfoodmachine.com\/wp-content\/uploads\/2024\/04\/our-customer.jpg\" alt=\"nuestro cliente\" class=\"wp-image-635\" srcset=\"https:\/\/tzfoodmachine.com\/wp-content\/uploads\/2024\/04\/our-customer.jpg 720w, https:\/\/tzfoodmachine.com\/wp-content\/uploads\/2024\/04\/our-customer-480x360.jpg 480w, https:\/\/tzfoodmachine.com\/wp-content\/uploads\/2024\/04\/our-customer-150x113.jpg 150w, https:\/\/tzfoodmachine.com\/wp-content\/uploads\/2024\/04\/our-customer-16x12.jpg 16w\" sizes=\"auto, (max-width: 720px) 100vw, 720px\" \/><figcaption class=\"wp-element-caption\">nuestro cliente<\/figcaption><\/figure> <\/div><\/div>   <style>.kadence-column10_371b5c-9d > .kt-inside-inner-col,.kadence-column10_371b5c-9d > .kt-inside-inner-col:before{border-top-left-radius:0px;border-top-right-radius:0px;border-bottom-right-radius:0px;border-bottom-left-radius:0px;}.kadence-column10_371b5c-9d > .kt-inside-inner-col{column-gap:var(--global-kb-gap-sm, 1rem);}.kadence-column10_371b5c-9d > .kt-inside-inner-col{flex-direction:column;}.kadence-column10_371b5c-9d > .kt-inside-inner-col > .aligncenter{width:100%;}.kadence-column10_371b5c-9d > .kt-inside-inner-col:before{opacity:0.3;}.kadence-column10_371b5c-9d{position:relative;}@media all and (max-width: 1024px){.kadence-column10_371b5c-9d > .kt-inside-inner-col{flex-direction:column;justify-content:center;}}@media all and (max-width: 767px){.kadence-column10_371b5c-9d > .kt-inside-inner-col{flex-direction:column;justify-content:center;}}<\/style> <div class=\"wp-block-kadence-column kadence-column10_371b5c-9d\"><div class=\"kt-inside-inner-col\"> <figure class=\"wp-block-image size-full\"><img loading=\"lazy\" decoding=\"async\" width=\"720\" height=\"540\" src=\"https:\/\/tzfoodmachine.com\/wp-content\/uploads\/2024\/05\/customers-from-India.webp\" alt=\"clientes de la India\" class=\"wp-image-1298\" srcset=\"https:\/\/tzfoodmachine.com\/wp-content\/uploads\/2024\/05\/customers-from-India.webp 720w, https:\/\/tzfoodmachine.com\/wp-content\/uploads\/2024\/05\/customers-from-India-480x360.webp 480w, https:\/\/tzfoodmachine.com\/wp-content\/uploads\/2024\/05\/customers-from-India-150x113.webp 150w, https:\/\/tzfoodmachine.com\/wp-content\/uploads\/2024\/05\/customers-from-India-16x12.webp 16w\" sizes=\"auto, (max-width: 720px) 100vw, 720px\" \/><figcaption class=\"wp-element-caption\">clientes de la India<\/figcaption><\/figure> <\/div><\/div>   <style>.kadence-column10_41b768-23 > .kt-inside-inner-col,.kadence-column10_41b768-23 > .kt-inside-inner-col:before{border-top-left-radius:0px;border-top-right-radius:0px;border-bottom-right-radius:0px;border-bottom-left-radius:0px;}.kadence-column10_41b768-23 > .kt-inside-inner-col{column-gap:var(--global-kb-gap-sm, 1rem);}.kadence-column10_41b768-23 > .kt-inside-inner-col{flex-direction:column;}.kadence-column10_41b768-23 > .kt-inside-inner-col > .aligncenter{width:100%;}.kadence-column10_41b768-23 > .kt-inside-inner-col:before{opacity:0.3;}.kadence-column10_41b768-23{position:relative;}@media all and (max-width: 1024px){.kadence-column10_41b768-23 > .kt-inside-inner-col{flex-direction:column;justify-content:center;}}@media all and (max-width: 767px){.kadence-column10_41b768-23 > .kt-inside-inner-col{flex-direction:column;justify-content:center;}}<\/style> <div class=\"wp-block-kadence-column kadence-column10_41b768-23\"><div class=\"kt-inside-inner-col\"> <figure class=\"wp-block-image size-full\"><img loading=\"lazy\" decoding=\"async\" width=\"720\" height=\"540\" src=\"https:\/\/tzfoodmachine.com\/wp-content\/uploads\/2024\/04\/customer-from-Togo.jpg\" alt=\"cliente de Togo\" class=\"wp-image-633\" srcset=\"https:\/\/tzfoodmachine.com\/wp-content\/uploads\/2024\/04\/customer-from-Togo.jpg 720w, https:\/\/tzfoodmachine.com\/wp-content\/uploads\/2024\/04\/customer-from-Togo-480x360.jpg 480w, https:\/\/tzfoodmachine.com\/wp-content\/uploads\/2024\/04\/customer-from-Togo-150x113.jpg 150w, https:\/\/tzfoodmachine.com\/wp-content\/uploads\/2024\/04\/customer-from-Togo-16x12.jpg 16w\" sizes=\"auto, (max-width: 720px) 100vw, 720px\" \/><figcaption class=\"wp-element-caption\">cliente de Togo<\/figcaption><\/figure> <\/div><\/div>  <\/div><\/div>  <style>.kb-row-layout-id10_c7827e-45 > .kt-row-column-wrap{align-content:start;}:where(.kb-row-layout-id10_c7827e-45 > .kt-row-column-wrap) > .wp-block-kadence-column{justify-content:start;}.kb-row-layout-id10_c7827e-45 > .kt-row-column-wrap{column-gap:var(--global-kb-gap-md, 2rem);row-gap:var(--global-kb-gap-md, 2rem);max-width:var( --global-content-width, 1400px );padding-left:var(--global-content-edge-padding);padding-right:var(--global-content-edge-padding);}.kb-row-layout-id10_c7827e-45 > .kt-row-column-wrap > div:not(.added-for-specificity){grid-column:initial;}.kb-row-layout-id10_c7827e-45 > .kt-row-column-wrap{grid-template-columns:repeat(3, minmax(0, 1fr));}.kb-row-layout-id10_c7827e-45 > .kt-row-layout-overlay{opacity:0.30;}@media all and (max-width: 1024px){.kb-row-layout-id10_c7827e-45 > .kt-row-column-wrap > div:not(.added-for-specificity){grid-column:initial;}}@media all and (max-width: 1024px){.kb-row-layout-id10_c7827e-45 > .kt-row-column-wrap{grid-template-columns:repeat(3, minmax(0, 1fr));}}@media all and (max-width: 767px){.kb-row-layout-id10_c7827e-45 > .kt-row-column-wrap > div:not(.added-for-specificity){grid-column:initial;}.kb-row-layout-id10_c7827e-45 > .kt-row-column-wrap{grid-template-columns:minmax(0, 1fr);}}<\/style><div class=\"kb-row-layout-wrap kb-row-layout-id10_c7827e-45 alignnone wp-block-kadence-rowlayout\"><div class=\"kt-row-column-wrap kt-has-3-columns kt-row-layout-equal kt-tab-layout-inherit kt-mobile-layout-row kt-row-valign-top kb-theme-content-width\"> <style>.kadence-column10_7468ba-a2 > .kt-inside-inner-col,.kadence-column10_7468ba-a2 > .kt-inside-inner-col:before{border-top-left-radius:0px;border-top-right-radius:0px;border-bottom-right-radius:0px;border-bottom-left-radius:0px;}.kadence-column10_7468ba-a2 > .kt-inside-inner-col{column-gap:var(--global-kb-gap-sm, 1rem);}.kadence-column10_7468ba-a2 > .kt-inside-inner-col{flex-direction:column;}.kadence-column10_7468ba-a2 > .kt-inside-inner-col > .aligncenter{width:100%;}.kadence-column10_7468ba-a2 > .kt-inside-inner-col:before{opacity:0.3;}.kadence-column10_7468ba-a2{position:relative;}@media all and (max-width: 1024px){.kadence-column10_7468ba-a2 > .kt-inside-inner-col{flex-direction:column;justify-content:center;}}@media all and (max-width: 767px){.kadence-column10_7468ba-a2 > .kt-inside-inner-col{flex-direction:column;justify-content:center;}}<\/style> <div class=\"wp-block-kadence-column kadence-column10_7468ba-a2\"><div class=\"kt-inside-inner-col\"> <figure class=\"wp-block-image size-full\"><img loading=\"lazy\" decoding=\"async\" width=\"720\" height=\"540\" src=\"https:\/\/tzfoodmachine.com\/wp-content\/uploads\/2024\/04\/customer-from-canada.jpg\" alt=\"cliente de canad\u00e1\" class=\"wp-image-632\" srcset=\"https:\/\/tzfoodmachine.com\/wp-content\/uploads\/2024\/04\/customer-from-canada.jpg 720w, https:\/\/tzfoodmachine.com\/wp-content\/uploads\/2024\/04\/customer-from-canada-480x360.jpg 480w, https:\/\/tzfoodmachine.com\/wp-content\/uploads\/2024\/04\/customer-from-canada-150x113.jpg 150w, https:\/\/tzfoodmachine.com\/wp-content\/uploads\/2024\/04\/customer-from-canada-16x12.jpg 16w\" sizes=\"auto, (max-width: 720px) 100vw, 720px\" \/><figcaption class=\"wp-element-caption\">cliente de Canad\u00e1<\/figcaption><\/figure> <\/div><\/div>   <style>.kadence-column10_9abde2-dd > .kt-inside-inner-col,.kadence-column10_9abde2-dd > .kt-inside-inner-col:before{border-top-left-radius:0px;border-top-right-radius:0px;border-bottom-right-radius:0px;border-bottom-left-radius:0px;}.kadence-column10_9abde2-dd > .kt-inside-inner-col{column-gap:var(--global-kb-gap-sm, 1rem);}.kadence-column10_9abde2-dd > .kt-inside-inner-col{flex-direction:column;}.kadence-column10_9abde2-dd > .kt-inside-inner-col > .aligncenter{width:100%;}.kadence-column10_9abde2-dd > .kt-inside-inner-col:before{opacity:0.3;}.kadence-column10_9abde2-dd{position:relative;}@media all and (max-width: 1024px){.kadence-column10_9abde2-dd > .kt-inside-inner-col{flex-direction:column;justify-content:center;}}@media all and (max-width: 767px){.kadence-column10_9abde2-dd > .kt-inside-inner-col{flex-direction:column;justify-content:center;}}<\/style> <div class=\"wp-block-kadence-column kadence-column10_9abde2-dd\"><div class=\"kt-inside-inner-col\"> <figure class=\"wp-block-image size-full\"><img loading=\"lazy\" decoding=\"async\" width=\"720\" height=\"540\" src=\"https:\/\/tzfoodmachine.com\/wp-content\/uploads\/2024\/05\/client-factory-tour.webp\" alt=\"visita a la f\u00e1brica del cliente\" class=\"wp-image-1297\" srcset=\"https:\/\/tzfoodmachine.com\/wp-content\/uploads\/2024\/05\/client-factory-tour.webp 720w, https:\/\/tzfoodmachine.com\/wp-content\/uploads\/2024\/05\/client-factory-tour-480x360.webp 480w, https:\/\/tzfoodmachine.com\/wp-content\/uploads\/2024\/05\/client-factory-tour-150x113.webp 150w, https:\/\/tzfoodmachine.com\/wp-content\/uploads\/2024\/05\/client-factory-tour-16x12.webp 16w\" sizes=\"auto, (max-width: 720px) 100vw, 720px\" \/><figcaption class=\"wp-element-caption\">visita a la f\u00e1brica del cliente<\/figcaption><\/figure> <\/div><\/div>   <style>.kadence-column10_f53f5e-6b > .kt-inside-inner-col,.kadence-column10_f53f5e-6b > .kt-inside-inner-col:before{border-top-left-radius:0px;border-top-right-radius:0px;border-bottom-right-radius:0px;border-bottom-left-radius:0px;}.kadence-column10_f53f5e-6b > .kt-inside-inner-col{column-gap:var(--global-kb-gap-sm, 1rem);}.kadence-column10_f53f5e-6b > .kt-inside-inner-col{flex-direction:column;}.kadence-column10_f53f5e-6b > .kt-inside-inner-col > .aligncenter{width:100%;}.kadence-column10_f53f5e-6b > .kt-inside-inner-col:before{opacity:0.3;}.kadence-column10_f53f5e-6b{position:relative;}@media all and (max-width: 1024px){.kadence-column10_f53f5e-6b > .kt-inside-inner-col{flex-direction:column;justify-content:center;}}@media all and (max-width: 767px){.kadence-column10_f53f5e-6b > .kt-inside-inner-col{flex-direction:column;justify-content:center;}}<\/style> <div class=\"wp-block-kadence-column kadence-column10_f53f5e-6b\"><div class=\"kt-inside-inner-col\"> <figure class=\"wp-block-image size-full\"><img loading=\"lazy\" decoding=\"async\" width=\"720\" height=\"540\" src=\"https:\/\/tzfoodmachine.com\/wp-content\/uploads\/2024\/04\/client-from-Israel.jpg\" alt=\"cliente de israel\" class=\"wp-image-630\" srcset=\"https:\/\/tzfoodmachine.com\/wp-content\/uploads\/2024\/04\/client-from-Israel.jpg 720w, https:\/\/tzfoodmachine.com\/wp-content\/uploads\/2024\/04\/client-from-Israel-480x360.jpg 480w, https:\/\/tzfoodmachine.com\/wp-content\/uploads\/2024\/04\/client-from-Israel-150x113.jpg 150w, https:\/\/tzfoodmachine.com\/wp-content\/uploads\/2024\/04\/client-from-Israel-16x12.jpg 16w\" sizes=\"auto, (max-width: 720px) 100vw, 720px\" \/><figcaption class=\"wp-element-caption\">cliente de israel<\/figcaption><\/figure> <\/div><\/div>  <\/div><\/div>   <h2 class=\"wp-block-heading\">Nuestra gama de productos<\/h2>    <p class=\"translation-block\"><strong><a href=\"https:\/\/tzfoodmachine.com\/es\/category\/product\/onion-machines\/\">Maquinaria para el procesamiento de cebolla<\/a><\/strong>: Desde el pelado hasta el corte, nuestra maquinaria para el procesamiento de cebolla est\u00e1 dise\u00f1ada para optimizar su proceso de producci\u00f3n y mejorar la eficiencia.<\/p>    <p class=\"translation-block\"><strong><a href=\"https:\/\/tzfoodmachine.com\/es\/category\/product\/potato-machines\/\">Maquinaria para el procesamiento de patatas<\/a><\/strong>: Ya sea que necesite pelar, cortar o fre\u00edr patatas, nuestra maquinaria avanzada garantiza una calidad constante y una alta producci\u00f3n.<\/p>    <p class=\"translation-block\"><strong><a href=\"https:\/\/tzfoodmachine.com\/es\/category\/product\/ginger-machines\/\">Maquinaria para el procesamiento de jengibre<\/a><\/strong>: Nuestro equipo para el procesamiento de jengibre est\u00e1 adaptado para manejar el jengibre en diversas formas, garantizando precisi\u00f3n y fiabilidad.<\/p>    <p class=\"translation-block\"><strong><a href=\"https:\/\/tzfoodmachine.com\/es\/category\/product\/garlic-machines\/\">Maquinaria para el procesamiento de ajo<\/a><\/strong>: Desde dientes hasta bulbos, nuestra maquinaria para el procesamiento de ajo ofrece soluciones vers\u00e1tiles para un procesamiento eficiente.<\/p>    <p class=\"translation-block\"><strong><a href=\"https:\/\/tzfoodmachine.com\/es\/category\/product\/egg-machines\/\">Maquinaria para el procesamiento de huevos<\/a><\/strong>: Desde la clasificaci\u00f3n hasta el envasado, nuestra maquinaria para el procesamiento de huevos est\u00e1 dise\u00f1ada para un rendimiento e higiene \u00f3ptimos.<\/p>    <p>Ubicadas en Zhengzhou, China, nuestras instalaciones de fabricaci\u00f3n de \u00faltima generaci\u00f3n est\u00e1n equipadas para satisfacer diversas demandas de producci\u00f3n y al mismo tiempo cumplir con los est\u00e1ndares de calidad internacionales.<\/p>    <p>Explore nuestra gama de maquinaria de procesamiento de alimentos y experimente la diferencia con Taizy Food Machinery.<\/p>    <p>Para consultas y colaboraciones, no dude en contactarnos. \u00a1Esperamos poder servirle!<\/p> <\/div><\/div>  <\/div><\/div>","protected":false},"excerpt":{"rendered":"<p>Bienvenido a Taizy Food Machinery, un fabricante l\u00edder de maquinaria de procesamiento de alimentos con sede en Zhengzhou, China. Con un rico legado de experiencia e innovaci\u00f3n, nos especializamos en el dise\u00f1o y la producci\u00f3n de maquinaria de alta calidad para diversas necesidades de procesamiento de alimentos. \u00bfPor qu\u00e9 elegirnos? Taizy Food Machinery ha estado involucrado en la producci\u00f3n de maquinaria alimentaria durante m\u00e1s de...<\/p>","protected":false},"author":1,"featured_media":0,"parent":0,"menu_order":0,"comment_status":"closed","ping_status":"closed","template":"","meta":{"_kad_blocks_custom_css":"","_kad_blocks_head_custom_js":"","_kad_blocks_body_custom_js":"","_kad_blocks_footer_custom_js":"","_kad_post_transparent":"","_kad_post_title":"default","_kad_post_layout":"","_kad_post_sidebar_id":"","_kad_post_content_style":"","_kad_post_vertical_padding":"","_kad_post_feature":"","_kad_post_feature_position":"","_kad_post_header":false,"_kad_post_footer":false,"_kad_post_classname":"","footnotes":""},"class_list":["post-10","page","type-page","status-publish","hentry"],"taxonomy_info":[],"featured_image_src_large":false,"author_info":{"display_name":"Judy Wang","author_link":"https:\/\/tzfoodmachine.com\/es\/author\/adminjudy\/"},"comment_info":0,"_links":{"self":[{"href":"https:\/\/tzfoodmachine.com\/es\/wp-json\/wp\/v2\/pages\/10","targetHints":{"allow":["GET"]}}],"collection":[{"href":"https:\/\/tzfoodmachine.com\/es\/wp-json\/wp\/v2\/pages"}],"about":[{"href":"https:\/\/tzfoodmachine.com\/es\/wp-json\/wp\/v2\/types\/page"}],"author":[{"embeddable":true,"href":"https:\/\/tzfoodmachine.com\/es\/wp-json\/wp\/v2\/users\/1"}],"replies":[{"embeddable":true,"href":"https:\/\/tzfoodmachine.com\/es\/wp-json\/wp\/v2\/comments?post=10"}],"version-history":[{"count":0,"href":"https:\/\/tzfoodmachine.com\/es\/wp-json\/wp\/v2\/pages\/10\/revisions"}],"wp:attachment":[{"href":"https:\/\/tzfoodmachine.com\/es\/wp-json\/wp\/v2\/media?parent=10"}],"curies":[{"name":"wp","href":"https:\/\/api.w.org\/{rel}","templated":true}]}}