{"id":10,"date":"2024-04-02T16:34:17","date_gmt":"2024-04-02T08:34:17","guid":{"rendered":"https:\/\/tzfoodmachine.com\/?page_id=10"},"modified":"2024-05-30T18:09:07","modified_gmt":"2024-05-30T10:09:07","slug":"about-us","status":"publish","type":"page","link":"https:\/\/tzfoodmachine.com\/de\/about-us\/","title":{"rendered":"\u00dcber uns"},"content":{"rendered":"<style>.kb-row-layout-id10_7601aa-0a > .kt-row-column-wrap{align-content:start;}:where(.kb-row-layout-id10_7601aa-0a > .kt-row-column-wrap) > .wp-block-kadence-column{justify-content:start;}.kb-row-layout-id10_7601aa-0a > .kt-row-column-wrap{column-gap:var(--global-kb-gap-md, 2rem);row-gap:var(--global-kb-gap-md, 2rem);max-width:var( --global-content-width, 1400px );padding-left:var(--global-content-edge-padding);padding-right:var(--global-content-edge-padding);grid-template-columns:minmax(0, 1fr);}.kb-row-layout-id10_7601aa-0a > .kt-row-layout-overlay{opacity:0.30;}@media all and (max-width: 1024px){.kb-row-layout-id10_7601aa-0a > .kt-row-column-wrap{grid-template-columns:minmax(0, 1fr);}}@media all and (max-width: 767px){.kb-row-layout-id10_7601aa-0a > .kt-row-column-wrap{grid-template-columns:minmax(0, 1fr);}}<\/style><div class=\"kb-row-layout-wrap kb-row-layout-id10_7601aa-0a alignnone wp-block-kadence-rowlayout\"><div class=\"kt-row-column-wrap kt-has-1-columns kt-row-layout-equal kt-tab-layout-inherit kt-mobile-layout-row kt-row-valign-top kb-theme-content-width\"> <style>.kadence-column10_3c5bdf-dc > .kt-inside-inner-col,.kadence-column10_3c5bdf-dc > .kt-inside-inner-col:before{border-top-left-radius:0px;border-top-right-radius:0px;border-bottom-right-radius:0px;border-bottom-left-radius:0px;}.kadence-column10_3c5bdf-dc > .kt-inside-inner-col{column-gap:var(--global-kb-gap-sm, 1rem);}.kadence-column10_3c5bdf-dc > .kt-inside-inner-col{flex-direction:column;}.kadence-column10_3c5bdf-dc > .kt-inside-inner-col > .aligncenter{width:100%;}.kadence-column10_3c5bdf-dc > .kt-inside-inner-col:before{opacity:0.3;}.kadence-column10_3c5bdf-dc{position:relative;}@media all and (max-width: 1024px){.kadence-column10_3c5bdf-dc > .kt-inside-inner-col{flex-direction:column;justify-content:center;}}@media all and (max-width: 767px){.kadence-column10_3c5bdf-dc > .kt-inside-inner-col{flex-direction:column;justify-content:center;}}<\/style> <div class=\"wp-block-kadence-column kadence-column10_3c5bdf-dc\"><div class=\"kt-inside-inner-col\"> <figure class=\"wp-block-image size-large\"><img loading=\"lazy\" decoding=\"async\" width=\"1024\" height=\"445\" src=\"https:\/\/tzfoodmachine.com\/wp-content\/uploads\/2024\/04\/Taizy-Machinery-1024x445.webp\" alt=\"Taizy Maschinen\" class=\"wp-image-260\" srcset=\"https:\/\/tzfoodmachine.com\/wp-content\/uploads\/2024\/04\/Taizy-Machinery-1024x445.webp 1024w, https:\/\/tzfoodmachine.com\/wp-content\/uploads\/2024\/04\/Taizy-Machinery-480x208.webp 480w, https:\/\/tzfoodmachine.com\/wp-content\/uploads\/2024\/04\/Taizy-Machinery-768x333.webp 768w, https:\/\/tzfoodmachine.com\/wp-content\/uploads\/2024\/04\/Taizy-Machinery-18x8.webp 18w, https:\/\/tzfoodmachine.com\/wp-content\/uploads\/2024\/04\/Taizy-Machinery.webp 1200w\" sizes=\"auto, (max-width: 1024px) 100vw, 1024px\" \/><figcaption class=\"wp-element-caption\">Taizy Maschinen<\/figcaption><\/figure>    <p>Willkommen bei Taizy Food Machinery, einem f\u00fchrenden Hersteller von Lebensmittelverarbeitungsmaschinen mit Sitz in Zhengzhou, China. Mit einem reichen Erbe an Fachwissen und Innovation sind wir auf die Gestaltung und Produktion von hochwertigen Maschinen f\u00fcr verschiedene Lebensmittelverarbeitungsbed\u00fcrfnisse spezialisiert.<\/p>    <h2 class=\"wp-block-heading\">Warum uns w\u00e4hlen?<\/h2>    <p>Taizy Food Machinery ist seit \u00fcber 20 Jahren in der Produktion von Lebensmittelmaschinen t\u00e4tig. Bis jetzt wurden unsere Maschinen in mehr als 40 L\u00e4nder und Regionen auf der ganzen Welt exportiert. Unsere hochwertigen Lebensmittelmaschinen und professionellen Dienstleistungen haben die Anerkennung von Kunden aus immer mehr L\u00e4ndern gewonnen.<\/p>   <style>.kb-row-layout-id10_48174e-ea > .kt-row-column-wrap{align-content:start;}:where(.kb-row-layout-id10_48174e-ea > .kt-row-column-wrap) > .wp-block-kadence-column{justify-content:start;}.kb-row-layout-id10_48174e-ea > .kt-row-column-wrap{column-gap:var(--global-kb-gap-md, 2rem);row-gap:var(--global-kb-gap-md, 2rem);max-width:var( --global-content-width, 1400px );padding-left:var(--global-content-edge-padding);padding-right:var(--global-content-edge-padding);}.kb-row-layout-id10_48174e-ea > .kt-row-column-wrap > div:not(.added-for-specificity){grid-column:initial;}.kb-row-layout-id10_48174e-ea > .kt-row-column-wrap{grid-template-columns:repeat(3, minmax(0, 1fr));}.kb-row-layout-id10_48174e-ea > .kt-row-layout-overlay{opacity:0.30;}@media all and (max-width: 1024px){.kb-row-layout-id10_48174e-ea > .kt-row-column-wrap > div:not(.added-for-specificity){grid-column:initial;}}@media all and (max-width: 1024px){.kb-row-layout-id10_48174e-ea > .kt-row-column-wrap{grid-template-columns:repeat(3, minmax(0, 1fr));}}@media all and (max-width: 767px){.kb-row-layout-id10_48174e-ea > .kt-row-column-wrap > div:not(.added-for-specificity){grid-column:initial;}.kb-row-layout-id10_48174e-ea > .kt-row-column-wrap{grid-template-columns:minmax(0, 1fr);}}<\/style><div class=\"kb-row-layout-wrap kb-row-layout-id10_48174e-ea alignnone wp-block-kadence-rowlayout\"><div class=\"kt-row-column-wrap kt-has-3-columns kt-row-layout-equal kt-tab-layout-inherit kt-mobile-layout-row kt-row-valign-top kb-theme-content-width\"> <style>.kadence-column10_56f7d1-4e > .kt-inside-inner-col,.kadence-column10_56f7d1-4e > .kt-inside-inner-col:before{border-top-left-radius:0px;border-top-right-radius:0px;border-bottom-right-radius:0px;border-bottom-left-radius:0px;}.kadence-column10_56f7d1-4e > .kt-inside-inner-col{column-gap:var(--global-kb-gap-sm, 1rem);}.kadence-column10_56f7d1-4e > .kt-inside-inner-col{flex-direction:column;}.kadence-column10_56f7d1-4e > .kt-inside-inner-col > .aligncenter{width:100%;}.kadence-column10_56f7d1-4e > .kt-inside-inner-col:before{opacity:0.3;}.kadence-column10_56f7d1-4e{position:relative;}@media all and (max-width: 1024px){.kadence-column10_56f7d1-4e > .kt-inside-inner-col{flex-direction:column;justify-content:center;}}@media all and (max-width: 767px){.kadence-column10_56f7d1-4e > .kt-inside-inner-col{flex-direction:column;justify-content:center;}}<\/style> <div class=\"wp-block-kadence-column kadence-column10_56f7d1-4e\"><div class=\"kt-inside-inner-col\"> <figure class=\"wp-block-image size-full\"><img loading=\"lazy\" decoding=\"async\" width=\"720\" height=\"540\" src=\"https:\/\/tzfoodmachine.com\/wp-content\/uploads\/2024\/04\/our-customer.jpg\" alt=\"unser Kunde\" class=\"wp-image-635\" srcset=\"https:\/\/tzfoodmachine.com\/wp-content\/uploads\/2024\/04\/our-customer.jpg 720w, https:\/\/tzfoodmachine.com\/wp-content\/uploads\/2024\/04\/our-customer-480x360.jpg 480w, https:\/\/tzfoodmachine.com\/wp-content\/uploads\/2024\/04\/our-customer-150x113.jpg 150w, https:\/\/tzfoodmachine.com\/wp-content\/uploads\/2024\/04\/our-customer-16x12.jpg 16w\" sizes=\"auto, (max-width: 720px) 100vw, 720px\" \/><figcaption class=\"wp-element-caption\">unser Kunde<\/figcaption><\/figure> <\/div><\/div>   <style>.kadence-column10_371b5c-9d > .kt-inside-inner-col,.kadence-column10_371b5c-9d > .kt-inside-inner-col:before{border-top-left-radius:0px;border-top-right-radius:0px;border-bottom-right-radius:0px;border-bottom-left-radius:0px;}.kadence-column10_371b5c-9d > .kt-inside-inner-col{column-gap:var(--global-kb-gap-sm, 1rem);}.kadence-column10_371b5c-9d > .kt-inside-inner-col{flex-direction:column;}.kadence-column10_371b5c-9d > .kt-inside-inner-col > .aligncenter{width:100%;}.kadence-column10_371b5c-9d > .kt-inside-inner-col:before{opacity:0.3;}.kadence-column10_371b5c-9d{position:relative;}@media all and (max-width: 1024px){.kadence-column10_371b5c-9d > .kt-inside-inner-col{flex-direction:column;justify-content:center;}}@media all and (max-width: 767px){.kadence-column10_371b5c-9d > .kt-inside-inner-col{flex-direction:column;justify-content:center;}}<\/style> <div class=\"wp-block-kadence-column kadence-column10_371b5c-9d\"><div class=\"kt-inside-inner-col\"> <figure class=\"wp-block-image size-full\"><img loading=\"lazy\" decoding=\"async\" width=\"720\" height=\"540\" src=\"https:\/\/tzfoodmachine.com\/wp-content\/uploads\/2024\/05\/customers-from-India.webp\" alt=\"Kunden aus Indien\" class=\"wp-image-1298\" srcset=\"https:\/\/tzfoodmachine.com\/wp-content\/uploads\/2024\/05\/customers-from-India.webp 720w, https:\/\/tzfoodmachine.com\/wp-content\/uploads\/2024\/05\/customers-from-India-480x360.webp 480w, https:\/\/tzfoodmachine.com\/wp-content\/uploads\/2024\/05\/customers-from-India-150x113.webp 150w, https:\/\/tzfoodmachine.com\/wp-content\/uploads\/2024\/05\/customers-from-India-16x12.webp 16w\" sizes=\"auto, (max-width: 720px) 100vw, 720px\" \/><figcaption class=\"wp-element-caption\">Kunden aus Indien<\/figcaption><\/figure> <\/div><\/div>   <style>.kadence-column10_41b768-23 > .kt-inside-inner-col,.kadence-column10_41b768-23 > .kt-inside-inner-col:before{border-top-left-radius:0px;border-top-right-radius:0px;border-bottom-right-radius:0px;border-bottom-left-radius:0px;}.kadence-column10_41b768-23 > .kt-inside-inner-col{column-gap:var(--global-kb-gap-sm, 1rem);}.kadence-column10_41b768-23 > .kt-inside-inner-col{flex-direction:column;}.kadence-column10_41b768-23 > .kt-inside-inner-col > .aligncenter{width:100%;}.kadence-column10_41b768-23 > .kt-inside-inner-col:before{opacity:0.3;}.kadence-column10_41b768-23{position:relative;}@media all and (max-width: 1024px){.kadence-column10_41b768-23 > .kt-inside-inner-col{flex-direction:column;justify-content:center;}}@media all and (max-width: 767px){.kadence-column10_41b768-23 > .kt-inside-inner-col{flex-direction:column;justify-content:center;}}<\/style> <div class=\"wp-block-kadence-column kadence-column10_41b768-23\"><div class=\"kt-inside-inner-col\"> <figure class=\"wp-block-image size-full\"><img loading=\"lazy\" decoding=\"async\" width=\"720\" height=\"540\" src=\"https:\/\/tzfoodmachine.com\/wp-content\/uploads\/2024\/04\/customer-from-Togo.jpg\" alt=\"Kunde aus Togo\" class=\"wp-image-633\" srcset=\"https:\/\/tzfoodmachine.com\/wp-content\/uploads\/2024\/04\/customer-from-Togo.jpg 720w, https:\/\/tzfoodmachine.com\/wp-content\/uploads\/2024\/04\/customer-from-Togo-480x360.jpg 480w, https:\/\/tzfoodmachine.com\/wp-content\/uploads\/2024\/04\/customer-from-Togo-150x113.jpg 150w, https:\/\/tzfoodmachine.com\/wp-content\/uploads\/2024\/04\/customer-from-Togo-16x12.jpg 16w\" sizes=\"auto, (max-width: 720px) 100vw, 720px\" \/><figcaption class=\"wp-element-caption\">Kunde aus Togo<\/figcaption><\/figure> <\/div><\/div>  <\/div><\/div>  <style>.kb-row-layout-id10_c7827e-45 > .kt-row-column-wrap{align-content:start;}:where(.kb-row-layout-id10_c7827e-45 > .kt-row-column-wrap) > .wp-block-kadence-column{justify-content:start;}.kb-row-layout-id10_c7827e-45 > .kt-row-column-wrap{column-gap:var(--global-kb-gap-md, 2rem);row-gap:var(--global-kb-gap-md, 2rem);max-width:var( --global-content-width, 1400px );padding-left:var(--global-content-edge-padding);padding-right:var(--global-content-edge-padding);}.kb-row-layout-id10_c7827e-45 > .kt-row-column-wrap > div:not(.added-for-specificity){grid-column:initial;}.kb-row-layout-id10_c7827e-45 > .kt-row-column-wrap{grid-template-columns:repeat(3, minmax(0, 1fr));}.kb-row-layout-id10_c7827e-45 > .kt-row-layout-overlay{opacity:0.30;}@media all and (max-width: 1024px){.kb-row-layout-id10_c7827e-45 > .kt-row-column-wrap > div:not(.added-for-specificity){grid-column:initial;}}@media all and (max-width: 1024px){.kb-row-layout-id10_c7827e-45 > .kt-row-column-wrap{grid-template-columns:repeat(3, minmax(0, 1fr));}}@media all and (max-width: 767px){.kb-row-layout-id10_c7827e-45 > .kt-row-column-wrap > div:not(.added-for-specificity){grid-column:initial;}.kb-row-layout-id10_c7827e-45 > .kt-row-column-wrap{grid-template-columns:minmax(0, 1fr);}}<\/style><div class=\"kb-row-layout-wrap kb-row-layout-id10_c7827e-45 alignnone wp-block-kadence-rowlayout\"><div class=\"kt-row-column-wrap kt-has-3-columns kt-row-layout-equal kt-tab-layout-inherit kt-mobile-layout-row kt-row-valign-top kb-theme-content-width\"> <style>.kadence-column10_7468ba-a2 > .kt-inside-inner-col,.kadence-column10_7468ba-a2 > .kt-inside-inner-col:before{border-top-left-radius:0px;border-top-right-radius:0px;border-bottom-right-radius:0px;border-bottom-left-radius:0px;}.kadence-column10_7468ba-a2 > .kt-inside-inner-col{column-gap:var(--global-kb-gap-sm, 1rem);}.kadence-column10_7468ba-a2 > .kt-inside-inner-col{flex-direction:column;}.kadence-column10_7468ba-a2 > .kt-inside-inner-col > .aligncenter{width:100%;}.kadence-column10_7468ba-a2 > .kt-inside-inner-col:before{opacity:0.3;}.kadence-column10_7468ba-a2{position:relative;}@media all and (max-width: 1024px){.kadence-column10_7468ba-a2 > .kt-inside-inner-col{flex-direction:column;justify-content:center;}}@media all and (max-width: 767px){.kadence-column10_7468ba-a2 > .kt-inside-inner-col{flex-direction:column;justify-content:center;}}<\/style> <div class=\"wp-block-kadence-column kadence-column10_7468ba-a2\"><div class=\"kt-inside-inner-col\"> <figure class=\"wp-block-image size-full\"><img loading=\"lazy\" decoding=\"async\" width=\"720\" height=\"540\" src=\"https:\/\/tzfoodmachine.com\/wp-content\/uploads\/2024\/04\/customer-from-canada.jpg\" alt=\"Kunde aus Kanada\" class=\"wp-image-632\" srcset=\"https:\/\/tzfoodmachine.com\/wp-content\/uploads\/2024\/04\/customer-from-canada.jpg 720w, https:\/\/tzfoodmachine.com\/wp-content\/uploads\/2024\/04\/customer-from-canada-480x360.jpg 480w, https:\/\/tzfoodmachine.com\/wp-content\/uploads\/2024\/04\/customer-from-canada-150x113.jpg 150w, https:\/\/tzfoodmachine.com\/wp-content\/uploads\/2024\/04\/customer-from-canada-16x12.jpg 16w\" sizes=\"auto, (max-width: 720px) 100vw, 720px\" \/><figcaption class=\"wp-element-caption\">Kunde aus Kanada<\/figcaption><\/figure> <\/div><\/div>   <style>.kadence-column10_9abde2-dd > .kt-inside-inner-col,.kadence-column10_9abde2-dd > .kt-inside-inner-col:before{border-top-left-radius:0px;border-top-right-radius:0px;border-bottom-right-radius:0px;border-bottom-left-radius:0px;}.kadence-column10_9abde2-dd > .kt-inside-inner-col{column-gap:var(--global-kb-gap-sm, 1rem);}.kadence-column10_9abde2-dd > .kt-inside-inner-col{flex-direction:column;}.kadence-column10_9abde2-dd > .kt-inside-inner-col > .aligncenter{width:100%;}.kadence-column10_9abde2-dd > .kt-inside-inner-col:before{opacity:0.3;}.kadence-column10_9abde2-dd{position:relative;}@media all and (max-width: 1024px){.kadence-column10_9abde2-dd > .kt-inside-inner-col{flex-direction:column;justify-content:center;}}@media all and (max-width: 767px){.kadence-column10_9abde2-dd > .kt-inside-inner-col{flex-direction:column;justify-content:center;}}<\/style> <div class=\"wp-block-kadence-column kadence-column10_9abde2-dd\"><div class=\"kt-inside-inner-col\"> <figure class=\"wp-block-image size-full\"><img loading=\"lazy\" decoding=\"async\" width=\"720\" height=\"540\" src=\"https:\/\/tzfoodmachine.com\/wp-content\/uploads\/2024\/05\/client-factory-tour.webp\" alt=\"Besichtigung der Kundenfabrik\" class=\"wp-image-1297\" srcset=\"https:\/\/tzfoodmachine.com\/wp-content\/uploads\/2024\/05\/client-factory-tour.webp 720w, https:\/\/tzfoodmachine.com\/wp-content\/uploads\/2024\/05\/client-factory-tour-480x360.webp 480w, https:\/\/tzfoodmachine.com\/wp-content\/uploads\/2024\/05\/client-factory-tour-150x113.webp 150w, https:\/\/tzfoodmachine.com\/wp-content\/uploads\/2024\/05\/client-factory-tour-16x12.webp 16w\" sizes=\"auto, (max-width: 720px) 100vw, 720px\" \/><figcaption class=\"wp-element-caption\">Besichtigung der Kundenfabrik<\/figcaption><\/figure> <\/div><\/div>   <style>.kadence-column10_f53f5e-6b > .kt-inside-inner-col,.kadence-column10_f53f5e-6b > .kt-inside-inner-col:before{border-top-left-radius:0px;border-top-right-radius:0px;border-bottom-right-radius:0px;border-bottom-left-radius:0px;}.kadence-column10_f53f5e-6b > .kt-inside-inner-col{column-gap:var(--global-kb-gap-sm, 1rem);}.kadence-column10_f53f5e-6b > .kt-inside-inner-col{flex-direction:column;}.kadence-column10_f53f5e-6b > .kt-inside-inner-col > .aligncenter{width:100%;}.kadence-column10_f53f5e-6b > .kt-inside-inner-col:before{opacity:0.3;}.kadence-column10_f53f5e-6b{position:relative;}@media all and (max-width: 1024px){.kadence-column10_f53f5e-6b > .kt-inside-inner-col{flex-direction:column;justify-content:center;}}@media all and (max-width: 767px){.kadence-column10_f53f5e-6b > .kt-inside-inner-col{flex-direction:column;justify-content:center;}}<\/style> <div class=\"wp-block-kadence-column kadence-column10_f53f5e-6b\"><div class=\"kt-inside-inner-col\"> <figure class=\"wp-block-image size-full\"><img loading=\"lazy\" decoding=\"async\" width=\"720\" height=\"540\" src=\"https:\/\/tzfoodmachine.com\/wp-content\/uploads\/2024\/04\/client-from-Israel.jpg\" alt=\"Kunde aus Israel\" class=\"wp-image-630\" srcset=\"https:\/\/tzfoodmachine.com\/wp-content\/uploads\/2024\/04\/client-from-Israel.jpg 720w, https:\/\/tzfoodmachine.com\/wp-content\/uploads\/2024\/04\/client-from-Israel-480x360.jpg 480w, https:\/\/tzfoodmachine.com\/wp-content\/uploads\/2024\/04\/client-from-Israel-150x113.jpg 150w, https:\/\/tzfoodmachine.com\/wp-content\/uploads\/2024\/04\/client-from-Israel-16x12.jpg 16w\" sizes=\"auto, (max-width: 720px) 100vw, 720px\" \/><figcaption class=\"wp-element-caption\">Kunde aus Israel<\/figcaption><\/figure> <\/div><\/div>  <\/div><\/div>   <h2 class=\"wp-block-heading\">Unser Produktsortiment<\/h2>    <p class=\"translation-block\"><strong><a href=\"https:\/\/tzfoodmachine.com\/de\/category\/product\/onion-machines\/\">Zwiebel-Verarbeitungsmaschinen<\/a><\/strong>: Vom Sch\u00e4len bis zum Schneiden sind unsere Zwiebelverarbeitungsmaschinen darauf ausgelegt, Ihren Produktionsprozess zu rationalisieren und die Effizienz zu steigern.<\/p>    <p class=\"translation-block\"><strong><a href=\"https:\/\/tzfoodmachine.com\/de\/category\/product\/potato-machines\/\">Kartoffel-Verarbeitungsmaschinen<\/a><\/strong>: Ob Sie Kartoffeln sch\u00e4len, schneiden oder braten m\u00fcssen, unsere fortschrittlichen Maschinen sorgen f\u00fcr gleichbleibende Qualit\u00e4t und hohe Ausbeute.<\/p>    <p class=\"translation-block\"><strong><a href=\"https:\/\/tzfoodmachine.com\/de\/category\/product\/ginger-machines\/\">Ingver-Verarbeitungsmaschinen<\/a><\/strong>: Unsere Ingververarbeitungsger\u00e4te sind darauf ausgelegt, Ingwer in verschiedenen Formen zu verarbeiten, und gew\u00e4hrleisten Pr\u00e4zision und Zuverl\u00e4ssigkeit.<\/p>    <p class=\"translation-block\"><strong><a href=\"https:\/\/tzfoodmachine.com\/de\/category\/product\/garlic-machines\/\">Knoblauch-Verarbeitungsmaschinen<\/a><\/strong>: Von Zehen bis Bulben bieten unsere Knoblauchverarbeitungsmaschinen vielseitige L\u00f6sungen f\u00fcr eine effiziente Verarbeitung.<\/p>    <p class=\"translation-block\"><strong><a href=\"https:\/\/tzfoodmachine.com\/de\/category\/product\/egg-machines\/\">Eier-Verarbeitungstechnik<\/a><\/strong>: Von der Sortierung bis zur Verpackung ist unsere Eierverarbeitungstechnik auf optimale Leistung und Hygiene ausgelegt.<\/p>    <p>Unser hochmodernes Produktionswerk in Zhengzhou, China, ist ausgestattet, um vielf\u00e4ltige Produktionsanforderungen zu erf\u00fcllen und gleichzeitig internationale Qualit\u00e4tsstandards einzuhalten.<\/p>    <p>Entdecken Sie unser Sortiment an Lebensmittelverarbeitungsmaschinen und erleben Sie den Unterschied mit Taizy Food Machinery.<\/p>    <p>F\u00fcr Anfragen und Kooperationen k\u00f6nnen Sie uns gerne kontaktieren. Wir freuen uns darauf, Ihnen zu dienen!<\/p> <\/div><\/div>  <\/div><\/div>","protected":false},"excerpt":{"rendered":"<p>Willkommen bei Taizy Food Machinery, einem f\u00fchrenden Hersteller von Lebensmittelverarbeitungsmaschinen mit Sitz in Zhengzhou, China. Mit einem reichen Erbe an Fachwissen und Innovation sind wir auf die Entwicklung und Produktion von hochwertigen Maschinen f\u00fcr verschiedene Lebensmittelverarbeitungsbed\u00fcrfnisse spezialisiert. Warum sollten Sie uns w\u00e4hlen? Taizy Food Machinery ist seit mehr als... in der Produktion von Lebensmittelmaschinen t\u00e4tig.<\/p>","protected":false},"author":1,"featured_media":0,"parent":0,"menu_order":0,"comment_status":"closed","ping_status":"closed","template":"","meta":{"_kad_blocks_custom_css":"","_kad_blocks_head_custom_js":"","_kad_blocks_body_custom_js":"","_kad_blocks_footer_custom_js":"","_kad_post_transparent":"","_kad_post_title":"default","_kad_post_layout":"","_kad_post_sidebar_id":"","_kad_post_content_style":"","_kad_post_vertical_padding":"","_kad_post_feature":"","_kad_post_feature_position":"","_kad_post_header":false,"_kad_post_footer":false,"_kad_post_classname":"","footnotes":""},"class_list":["post-10","page","type-page","status-publish","hentry"],"taxonomy_info":[],"featured_image_src_large":false,"author_info":{"display_name":"Judy Wang","author_link":"https:\/\/tzfoodmachine.com\/de\/author\/adminjudy\/"},"comment_info":0,"_links":{"self":[{"href":"https:\/\/tzfoodmachine.com\/de\/wp-json\/wp\/v2\/pages\/10","targetHints":{"allow":["GET"]}}],"collection":[{"href":"https:\/\/tzfoodmachine.com\/de\/wp-json\/wp\/v2\/pages"}],"about":[{"href":"https:\/\/tzfoodmachine.com\/de\/wp-json\/wp\/v2\/types\/page"}],"author":[{"embeddable":true,"href":"https:\/\/tzfoodmachine.com\/de\/wp-json\/wp\/v2\/users\/1"}],"replies":[{"embeddable":true,"href":"https:\/\/tzfoodmachine.com\/de\/wp-json\/wp\/v2\/comments?post=10"}],"version-history":[{"count":0,"href":"https:\/\/tzfoodmachine.com\/de\/wp-json\/wp\/v2\/pages\/10\/revisions"}],"wp:attachment":[{"href":"https:\/\/tzfoodmachine.com\/de\/wp-json\/wp\/v2\/media?parent=10"}],"curies":[{"name":"wp","href":"https:\/\/api.w.org\/{rel}","templated":true}]}}